{"id":12,"date":"2017-11-07T21:11:55","date_gmt":"2017-11-07T21:11:55","guid":{"rendered":"https:\/\/edahlion.micheledighoffer.fr\/?page_id=12"},"modified":"2022-09-25T22:18:51","modified_gmt":"2022-09-25T20:18:51","slug":"carte","status":"publish","type":"page","link":"https:\/\/edahlion.trustwonder.com\/de\/univers\/carte\/","title":{"rendered":"Karte"},"content":{"rendered":"<p class=\"edahlion-fantazy small-fantazy map-edahlion\" style=\"text-align: center;\">Siehe in einer vergangen Zeit, ein Land mit tausend Sch\u00e4tzen: <strong>EDAHLION<\/strong>. Gesch\u00fctzt durch hohe Berge, dehnt es sich auf eine gro\u00dfe fruchtvolle Ebene auf.<\/p>\n<p>&nbsp;<\/p>\n<p class=\"edahlion-fantazy small-fantazy map-edahlion\" style=\"text-align: center;\">Vereinzelte kleine D\u00f6rfer, hier und da, haben sich dank lokaler Ressourcen entwickeln k\u00f6nnen. Handwerk und Handel haben schlie\u00dflich die harte Landarbeit ersetzt.<\/p>\n<p>&nbsp;<\/p>\n<p class=\"edahlion-fantazy small-fantazy map-edahlion\" style=\"text-align: center;\">Mehrere nat\u00fcrliche Flure trennen Bergketten von einer Seite zur anderen; diese strategischen Orte sind durch Zitadellen bewacht, deren Ursprung sich in der Nacht der Zeit verliert\u2026<\/p>\n<p>&nbsp;<\/p>\n<p class=\"edahlion-fantazy small-fantazy map-moine\" style=\"text-align: center;\">Ende des \u00c4ra der K\u00f6nige<\/p>\n<p>&nbsp;<\/p>\n<p class=\"edahlion-fantazy small-fantazy map-moine\" style=\"text-align: center;\">Von einem einst lebendigen Glauben zu seinem Meister beseelt, begibt sich ein junger M\u00f6nch auf eine Pilgerreise durch Edahlion.<\/p>\n<p>&nbsp;<\/p>\n<p class=\"edahlion-fantazy small-fantazy map-moine\" style=\"text-align: center;\">Auf seinem Weg,\u00a0 Begegnungen, aber auch Pr\u00fcfungen, und dieses eiskalte Gef\u00fchl, dass eine schreckliche Bedrohung auf dem K\u00f6nigreich lastet&#8230;<\/p>\n","protected":false},"excerpt":{"rendered":"<p>Siehe in einer vergangen Zeit, ein Land mit tausend Sch\u00e4tzen: EDAHLION. Gesch\u00fctzt durch hohe Berge, dehnt es sich auf eine gro\u00dfe fruchtvolle Ebene auf. &nbsp; Vereinzelte kleine D\u00f6rfer, hier und da, haben sich dank lokaler Ressourcen entwickeln k\u00f6nnen. Handwerk und Handel haben schlie\u00dflich die harte Landarbeit ersetzt. &nbsp; Mehrere nat\u00fcrliche Flure trennen Bergketten von einer [&hellip;]<\/p>\n","protected":false},"author":3,"featured_media":0,"parent":10,"menu_order":0,"comment_status":"closed","ping_status":"closed","template":"map-page.php","meta":[],"_links":{"self":[{"href":"https:\/\/edahlion.trustwonder.com\/de\/wp-json\/wp\/v2\/pages\/12"}],"collection":[{"href":"https:\/\/edahlion.trustwonder.com\/de\/wp-json\/wp\/v2\/pages"}],"about":[{"href":"https:\/\/edahlion.trustwonder.com\/de\/wp-json\/wp\/v2\/types\/page"}],"author":[{"embeddable":true,"href":"https:\/\/edahlion.trustwonder.com\/de\/wp-json\/wp\/v2\/users\/3"}],"replies":[{"embeddable":true,"href":"https:\/\/edahlion.trustwonder.com\/de\/wp-json\/wp\/v2\/comments?post=12"}],"version-history":[{"count":25,"href":"https:\/\/edahlion.trustwonder.com\/de\/wp-json\/wp\/v2\/pages\/12\/revisions"}],"predecessor-version":[{"id":3664,"href":"https:\/\/edahlion.trustwonder.com\/de\/wp-json\/wp\/v2\/pages\/12\/revisions\/3664"}],"up":[{"embeddable":true,"href":"https:\/\/edahlion.trustwonder.com\/de\/wp-json\/wp\/v2\/pages\/10"}],"wp:attachment":[{"href":"https:\/\/edahlion.trustwonder.com\/de\/wp-json\/wp\/v2\/media?parent=12"}],"curies":[{"name":"wp","href":"https:\/\/api.w.org\/{rel}","templated":true}]}}