{"id":132,"date":"2018-02-21T20:19:21","date_gmt":"2018-02-21T20:19:21","guid":{"rendered":"https:\/\/edahlion.micheledighoffer.fr\/?page_id=132"},"modified":"2022-10-01T16:40:02","modified_gmt":"2022-10-01T14:40:02","slug":"conception","status":"publish","type":"page","link":"https:\/\/edahlion.trustwonder.com\/de\/coulisses\/conception\/","title":{"rendered":"Konzeption"},"content":{"rendered":"<p>&nbsp;<\/p>\n<p>&nbsp;<\/p>\n<p>&nbsp;<\/p>\n<h1 class=\"edahlion-post-title\" style=\"text-align: center;\">Von der Skizze<br \/>\nzum Charakter<\/h1>\n<p>&nbsp;<\/p>\n<blockquote>\n<p class=\"edahlion-intro small-fantazy\">Bei der Gestaltung eines Films gibt es immer den Moment, in dem wir \u00fcber Kost\u00fcme nachdenken: Materialien, Schnitte, Farben, Accessoires, etc.<\/p>\n<\/blockquote>\n<p>&nbsp;<\/p>\n<p>&nbsp;<\/p>\n<p>Ein erster Schritt ist die Erstellung kreativer Skizzen, bei denen der Designer seiner Fantasie freien Lauf l\u00e4sst. Er bietet einen Blickwinkel auf eine Figur, die sich bis zur endg\u00fcltigen Version (wie im Film zu sehen) deutlich weiterentwickeln wird.<\/p>\n<p>&nbsp;<\/p>\n<p><img loading=\"lazy\" class=\"wp-image-875 alignnone\" src=\"http:\/\/edahlion.trustwonder.com\/wp-content\/uploads\/sites\/2\/2019\/02\/Ermite-4-520x1024.jpg\" alt=\"\" width=\"211\" height=\"416\" \/> <img loading=\"lazy\" class=\"alignnone wp-image-877\" src=\"https:\/\/edahlion.trustwonder.com\/wp-content\/uploads\/sites\/2\/2019\/02\/Seigneur-blanc-849x1024.jpg\" alt=\"\" width=\"345\" height=\"416\" srcset=\"https:\/\/edahlion.trustwonder.com\/wp-content\/uploads\/sites\/2\/2019\/02\/Seigneur-blanc-849x1024.jpg 849w, https:\/\/edahlion.trustwonder.com\/wp-content\/uploads\/sites\/2\/2019\/02\/Seigneur-blanc-249x300.jpg 249w, https:\/\/edahlion.trustwonder.com\/wp-content\/uploads\/sites\/2\/2019\/02\/Seigneur-blanc-768x927.jpg 768w, https:\/\/edahlion.trustwonder.com\/wp-content\/uploads\/sites\/2\/2019\/02\/Seigneur-blanc.jpg 1258w\" sizes=\"(max-width: 345px) 100vw, 345px\" \/><\/p>\n<p>&nbsp;<\/p>\n<p>In einem zweiten Schritt legen wir die Details fest, die dem Charakter seine Besonderheit verleihen. Dies sind wertvolle Hinweise f\u00fcr die Herstellung des Kost\u00fcms.<\/p>\n<p>&nbsp;<\/p>\n<p><img loading=\"lazy\" class=\"alignnone wp-image-878\" src=\"http:\/\/edahlion.trustwonder.com\/wp-content\/uploads\/sites\/2\/2019\/02\/soldat-edahliens-3-612x1024.jpg\" alt=\"\" width=\"269\" height=\"450\" \/> <img loading=\"lazy\" class=\"alignnone wp-image-3694\" src=\"https:\/\/edahlion.trustwonder.com\/wp-content\/uploads\/sites\/2\/2022\/10\/Ermite-2-2-652x1024.jpg\" alt=\"\" width=\"287\" height=\"450\" srcset=\"https:\/\/edahlion.trustwonder.com\/wp-content\/uploads\/sites\/2\/2022\/10\/Ermite-2-2-652x1024.jpg 652w, https:\/\/edahlion.trustwonder.com\/wp-content\/uploads\/sites\/2\/2022\/10\/Ermite-2-2-191x300.jpg 191w, https:\/\/edahlion.trustwonder.com\/wp-content\/uploads\/sites\/2\/2022\/10\/Ermite-2-2-768x1206.jpg 768w, https:\/\/edahlion.trustwonder.com\/wp-content\/uploads\/sites\/2\/2022\/10\/Ermite-2-2-978x1536.jpg 978w, https:\/\/edahlion.trustwonder.com\/wp-content\/uploads\/sites\/2\/2022\/10\/Ermite-2-2-1304x2048.jpg 1304w, https:\/\/edahlion.trustwonder.com\/wp-content\/uploads\/sites\/2\/2022\/10\/Ermite-2-2-scaled.jpg 1631w\" sizes=\"(max-width: 287px) 100vw, 287px\" \/><\/p>\n<p>&nbsp;<\/p>\n<p>Schlie\u00dflich erstellt die N\u00e4herin Arbeitsskizzen, um die verschiedenen Teile des Kost\u00fcms herzustellen.<\/p>\n<p>&nbsp;<\/p>\n<p><img loading=\"lazy\" class=\"alignnone wp-image-873\" src=\"https:\/\/edahlion.trustwonder.com\/wp-content\/uploads\/sites\/2\/2019\/02\/chemisiers-et-bonnets-femme-721x1024.jpg\" alt=\"\" width=\"274\" height=\"389\" srcset=\"https:\/\/edahlion.trustwonder.com\/wp-content\/uploads\/sites\/2\/2019\/02\/chemisiers-et-bonnets-femme-721x1024.jpg 721w, https:\/\/edahlion.trustwonder.com\/wp-content\/uploads\/sites\/2\/2019\/02\/chemisiers-et-bonnets-femme-211x300.jpg 211w, https:\/\/edahlion.trustwonder.com\/wp-content\/uploads\/sites\/2\/2019\/02\/chemisiers-et-bonnets-femme-768x1090.jpg 768w, https:\/\/edahlion.trustwonder.com\/wp-content\/uploads\/sites\/2\/2019\/02\/chemisiers-et-bonnets-femme-1082x1536.jpg 1082w, https:\/\/edahlion.trustwonder.com\/wp-content\/uploads\/sites\/2\/2019\/02\/chemisiers-et-bonnets-femme-1443x2048.jpg 1443w, https:\/\/edahlion.trustwonder.com\/wp-content\/uploads\/sites\/2\/2019\/02\/chemisiers-et-bonnets-femme-scaled.jpg 1804w\" sizes=\"(max-width: 274px) 100vw, 274px\" \/> <img loading=\"lazy\" class=\"alignnone wp-image-876\" src=\"https:\/\/edahlion.trustwonder.com\/wp-content\/uploads\/sites\/2\/2019\/02\/Robe-noble-732x1024.jpg\" alt=\"\" width=\"278\" height=\"389\" srcset=\"https:\/\/edahlion.trustwonder.com\/wp-content\/uploads\/sites\/2\/2019\/02\/Robe-noble-732x1024.jpg 732w, https:\/\/edahlion.trustwonder.com\/wp-content\/uploads\/sites\/2\/2019\/02\/Robe-noble-214x300.jpg 214w, https:\/\/edahlion.trustwonder.com\/wp-content\/uploads\/sites\/2\/2019\/02\/Robe-noble-768x1075.jpg 768w, https:\/\/edahlion.trustwonder.com\/wp-content\/uploads\/sites\/2\/2019\/02\/Robe-noble-1097x1536.jpg 1097w, https:\/\/edahlion.trustwonder.com\/wp-content\/uploads\/sites\/2\/2019\/02\/Robe-noble-1463x2048.jpg 1463w, https:\/\/edahlion.trustwonder.com\/wp-content\/uploads\/sites\/2\/2019\/02\/Robe-noble-scaled.jpg 1829w\" sizes=\"(max-width: 278px) 100vw, 278px\" \/><\/p>\n<p>&nbsp;<\/p>\n<p>Diese Arbeit wird an die Ausstattung angepasst; hier ist es Michel, der sich dem Spiel unter Beatrices Nadeln widmet.<\/p>\n<p>&nbsp;<\/p>\n<p><img loading=\"lazy\" class=\"alignnone wp-image-884 \" src=\"http:\/\/edahlion.trustwonder.com\/wp-content\/uploads\/sites\/2\/2019\/02\/IMG_2210-3-1024x683.jpg\" alt=\"\" width=\"277\" height=\"185\" \/> <img loading=\"lazy\" class=\"alignnone wp-image-885\" src=\"http:\/\/edahlion.trustwonder.com\/wp-content\/uploads\/sites\/2\/2019\/02\/IMG_2811-3-1024x683.jpg\" alt=\"\" width=\"277\" height=\"185\" \/><\/p>\n<p>&nbsp;<\/p>\n<p>Dieser Prozess der Reflexion wird verschiedene Akteure im gesamten Film zusammengef\u00fchrt haben: erstens die Drehbuchautoren, die ihr mentales Bild der Charaktere einbringen, aber auch den Regisseur (insbesondere f\u00fcr den k\u00fcnstlerischen Teil des Films verantwortlich) und schlie\u00dflich die N\u00e4herinnen\/Kost\u00fcme, die das letzte St\u00fcck geschaffen haben.<\/p>\n<p>&nbsp;<\/p>\n<p>&nbsp;<\/p>\n<p>&nbsp;<\/p>\n<p>&nbsp;<\/p>\n<h1 class=\"edahlion-post-title\" style=\"text-align: center;\">Fokus auf\u2026<br \/>\nDas Storyboard!<\/h1>\n<h2><\/h2>\n<blockquote>\n<p class=\"edahlion-intro small-fantazy\">Dieser Comic mit dem Titel &#8220;Storyboarding&#8221; von den Kanadiern l\u00e4sst den Regisseur nicht im Stich: Er wird ihm alle Informationen \u00fcber die zu drehenden Aufnahmen liefern.<\/p>\n<p>&nbsp;<\/p>\n<p>&nbsp;<\/p><\/blockquote>\n<p><img loading=\"lazy\" id=\"gmedia-image-306\" class=\"gmedia-singlepic aligncenter\" title=\"storyboard2\" src=\"https:\/\/edahlion.micheledighoffer.fr\/wp-content\/grand-media\/image\/storyboard2.jpg\" alt=\"storyboard2\" width=\"2200\" height=\"1467\" \/><\/p>\n<p>&nbsp;<\/p>\n<h1 class=\"edahlion-fantazy\" style=\"text-align: center;\">EINE TECHNISCHE DEFINITION:<\/h1>\n<p>&nbsp;<\/p>\n<p>Ein Storyboard ist ein Dokument, das im Kino w\u00e4hrend der Vorproduktion verwendet wird, um die Bed\u00fcrfnisse aller Aufnahmen, aus denen der Film besteht, sowohl technisch (Rahmen, Kamerabewegungen, Spezialeffekte) als auch k\u00fcnstlerisch (gebaute Sets, virtuelle Sets) zu planen. Das Layout \u00e4hnelt dem eines Comics, wobei jedes Miniaturbild einen Plan darstellt, der manchmal in mehreren Zeichnungen beschrieben wird. Der vorgeschlagene Auftrag ist der der Endmontage.<\/p>\n<p>&nbsp;<\/p>\n<h1 class=\"edahlion-fantazy\" style=\"text-align: center;\">WIE SIEHT ES AUS?<br \/>\nBEISPIEL MIT EINER TRAININGSSZENE<\/h1>\n<p>&nbsp;<\/p>\n<p><img loading=\"lazy\" id=\"gmedia-image-410\" class=\"gmedia-singlepic alignnone\" title=\"Storyboard - ALL\" src=\"https:\/\/edahlion.trustwonder.com\/wp-content\/blogs.dir\/2\/grand-media\/image\/storyboard_-_ALL.jpg\" alt=\"Storyboard - ALL\" width=\"1540\" height=\"2200\" \/><\/p>\n<p>&nbsp;<\/p>\n","protected":false},"excerpt":{"rendered":"<p>&nbsp; &nbsp; &nbsp; Von der Skizze zum Charakter &nbsp; Bei der Gestaltung eines Films gibt es immer den Moment, in dem wir \u00fcber Kost\u00fcme nachdenken: Materialien, Schnitte, Farben, Accessoires, etc. &nbsp; &nbsp; Ein erster Schritt ist die Erstellung kreativer Skizzen, bei denen der Designer seiner Fantasie freien Lauf l\u00e4sst. Er bietet einen Blickwinkel auf eine [&hellip;]<\/p>\n","protected":false},"author":3,"featured_media":0,"parent":84,"menu_order":0,"comment_status":"closed","ping_status":"closed","template":"","meta":[],"_links":{"self":[{"href":"https:\/\/edahlion.trustwonder.com\/de\/wp-json\/wp\/v2\/pages\/132"}],"collection":[{"href":"https:\/\/edahlion.trustwonder.com\/de\/wp-json\/wp\/v2\/pages"}],"about":[{"href":"https:\/\/edahlion.trustwonder.com\/de\/wp-json\/wp\/v2\/types\/page"}],"author":[{"embeddable":true,"href":"https:\/\/edahlion.trustwonder.com\/de\/wp-json\/wp\/v2\/users\/3"}],"replies":[{"embeddable":true,"href":"https:\/\/edahlion.trustwonder.com\/de\/wp-json\/wp\/v2\/comments?post=132"}],"version-history":[{"count":53,"href":"https:\/\/edahlion.trustwonder.com\/de\/wp-json\/wp\/v2\/pages\/132\/revisions"}],"predecessor-version":[{"id":1976,"href":"https:\/\/edahlion.trustwonder.com\/de\/wp-json\/wp\/v2\/pages\/132\/revisions\/1976"}],"up":[{"embeddable":true,"href":"https:\/\/edahlion.trustwonder.com\/de\/wp-json\/wp\/v2\/pages\/84"}],"wp:attachment":[{"href":"https:\/\/edahlion.trustwonder.com\/de\/wp-json\/wp\/v2\/media?parent=132"}],"curies":[{"name":"wp","href":"https:\/\/api.w.org\/{rel}","templated":true}]}}