{"id":1337,"date":"2019-04-23T20:18:59","date_gmt":"2019-04-23T20:18:59","guid":{"rendered":"https:\/\/edahlion.micheledighoffer.fr\/?page_id=1337"},"modified":"2020-02-26T19:50:20","modified_gmt":"2020-02-26T18:50:20","slug":"financement-participatif","status":"publish","type":"page","link":"https:\/\/edahlion.trustwonder.com\/de\/financement-participatif\/","title":{"rendered":"Financement participatif"},"content":{"rendered":"<h3 class=\"edahlion-fantazy\"><\/h3>\n<p>&nbsp;<\/p>\n<p>&nbsp;<\/p>\n<h2><\/h2>\n<h2 class=\"edahlion-intro\" style=\"text-align: center\">D\u00e9couvrez ici pourquoi<\/h2>\n<h2 class=\"edahlion-intro\" style=\"text-align: center\">nous lan\u00e7ons un financement participatif<\/h2>\n<h2 class=\"edahlion-intro\" style=\"text-align: center\">pour &#8220;Edahlion&#8221; !<\/h2>\n<p>&nbsp;<\/p>\n<h3><\/h3>\n<p class=\"edahlion-fantazy\" style=\"text-align: center\"><span class=\"crowdfunding--number\">5000 euros<\/span> \u00e0 collecter<\/p>\n<p class=\"edahlion-fantazy\" style=\"text-align: center\">du lundi 29 avril au lundi 29 juin 23h59<\/p>\n<p>&nbsp;<\/p>\n<p>&nbsp;<\/p>\n<p>&nbsp;<\/p>\n<h1 class=\"edahlion-post-title\" style=\"text-align: center\"><strong>Le projet<\/strong><\/h1>\n<p>&nbsp;<\/p>\n<p>A l\u2019origine, un groupe d\u2019amis passionn\u00e9s par le cin\u00e9ma et l\u2019univers du Seigneur des Anneaux. Nous r\u00e9alisons plusieurs courts-m\u00e9trages avec lesquels nait l\u2019identit\u00e9 du groupe\u00a0: Trustwonder.<\/p>\n<p>&nbsp;<\/p>\n<p>Mais un projet bien plus ambitieux nous attend\u00a0: sous la casquette de chef de projet, Michel C. Jacky embarque son \u00e9quipe dans l\u2019aventure d\u2019un<\/p>\n<p>&nbsp;<\/p>\n<p>&nbsp;<\/p>\n<h3 class=\"edahlion-fantazy\" style=\"text-align: center\">long-m\u00e9trage<\/h3>\n<h3 class=\"edahlion-fantazy\" style=\"text-align: center\">m\u00e9di\u00e9val-fantastique !<\/h3>\n<p>&nbsp;<\/p>\n<p>&nbsp;<\/p>\n<p>C\u2019\u00e9tait en 2011. Les sc\u00e9naristes d\u00e9veloppent tout un univers qui prend bient\u00f4t corps \u00e0 travers le voyage initiatique d\u2019un soldat au sombre pass\u00e9, pris au pi\u00e8ge dans un pays au bord du gouffre\u2026<\/p>\n<p>&nbsp;<\/p>\n<p>&nbsp;<\/p>\n<p>&nbsp;<\/p>\n<p><img loading=\"lazy\" id=\"gmedia-image-347\" class=\"gmedia-singlepic alignnone\" title=\"20150822 131156\" src=\"https:\/\/edahlion.micheledighoffer.fr\/wp-content\/grand-media\/image\/20150822_131156_1.jpg\" alt=\"20150822 131156\" width=\"2200\" height=\"1238\" \/><\/p>\n<p>&nbsp;<\/p>\n<p>&nbsp;<\/p>\n<p>Les premiers tournages d\u00e9butent au printemps 2013 et se poursuivront jusqu\u2019en 2017. Cinq ann\u00e9es de travail intense qui auront vu de nombreux b\u00e9n\u00e9voles de toute l\u2019Alsace (et au-del\u00e0\u00a0!) contribuer au projet avec enthousiasme et des comp\u00e9tences dans la musique, l\u2019archerie, l\u2019\u00e9quitation, le combat, etc.<\/p>\n<p>&nbsp;<\/p>\n<p>&nbsp;<\/p>\n<h3 class=\"edahlion-fantazy\" style=\"text-align: center\">D\u00e8s 2016 s\u2019engage en parall\u00e8le<\/h3>\n<h3 class=\"edahlion-fantazy\" style=\"text-align: center\">la post-production<\/h3>\n<p>&nbsp;<\/p>\n<p>&nbsp;<\/p>\n<p>sur le montage des images, les doublages, la musique et les bruitages.<\/p>\n<p>&nbsp;<\/p>\n<p>Derri\u00e8re cet engagement de longue dur\u00e9e, de la sueur, des larmes parfois mais aussi des rires et de belles victoires. Et surtout,<\/p>\n<p>&nbsp;<\/p>\n<p>&nbsp;<\/p>\n<h3 class=\"edahlion-fantazy\" style=\"text-align: center\">une grande reconnaissance<\/h3>\n<h3 class=\"edahlion-fantazy\" style=\"text-align: center\">pour tous ceux<\/h3>\n<h3 class=\"edahlion-fantazy\" style=\"text-align: center\">qui nous ont pr\u00eat\u00e9 main forte.<\/h3>\n<p>&nbsp;<\/p>\n<p>&nbsp;<\/p>\n<p>Vous, les chauffeurs, figurants, accessoiristes, preneurs de son, dispensateurs de conseils ou encouragements, habilleurs, nourrisseurs de troupes, donateurs de photos (et tant d\u2019autres\u00a0!) avez permis \u00e0 ce projet fou d\u2019arriver jusqu\u2019aux portes de sa finalisation.<\/p>\n<p>Alors, du fond du c\u0153ur, MERCI\u00a0!<\/p>\n<p>&nbsp;<\/p>\n<p>Tout ce qui a \u00e9t\u00e9 accompli jusque-l\u00e0, c\u2019est gr\u00e2ce \u00e0 vous !<\/p>\n<p>Mais l\u2019aventure continue\u00a0!\u2026<\/p>\n<p>&nbsp;<\/p>\n<p style=\"text-align: center\"><div class=\"gmedia_gallery albumsListMasonry_module is_bot\" id=\"GmediaGallery_2\" data-gmid=\"2\" data-module=\"albumsListMasonry\"><style type='text\/css' class='gmedia_module_style_import'>@import url('https:\/\/edahlion.trustwonder.com\/wp-content\/blogs.dir\/2\/grand-media\/module\/albumsListMasonry\/css\/gm_vit_slider.css?v=3.2.1') all;@import url('https:\/\/edahlion.trustwonder.com\/wp-content\/blogs.dir\/2\/grand-media\/module\/albumsListMasonry\/css\/style.css?v=3.2.1') all;@import url('https:\/\/edahlion.trustwonder.com\/wp-content\/blogs.dir\/2\/grand-media\/module\/albumsListMasonry\/css\/gm_vit_modalWin.css?v=3.2.1') all;@import url('https:\/\/edahlion.trustwonder.com\/wp-content\/blogs.dir\/2\/grand-media\/module\/albumsListMasonry\/css\/gm_vit_itemMenu.css?v=3.2.1') all;<\/style><script type=\"text\/javascript\">\n\t(function () {\n\t\tthis['GmediaGallery_2'] = {'settings':{\"bookmarkEnable\":\"1\",\"splashPreloaderColor\":\"7f2ae8\",\"thumbRecommendedSize\":\"250\",\"coverThumbRatio\":\"1\",\"spaceX\":\"20\",\"coverTitleForBookmark\":\"My Bookmarks\",\"coverTitleForPreferred\":\"Preferred\",\"coverHoverEffectEnable\":\"1\",\"coverTitleEnable\":\"1\",\"coverTitleFontSize\":\"30\",\"coverTitleTextColor\":\"ffffff\",\"coverCollectoinAmount\":\"1\",\"coverSocialShareEnabled\":\"1\",\"coverTitleBgColor1\":\"CD51DC\",\"coverTitleBgColor2\":\"295EE6\",\"coverTitleBgAlpha\":\"60\",\"collectionBgColor\":\"f4f4f4\",\"collectionHeaderBgColor\":\"ffffff\",\"collectionPreloaderColor\":\"7f2ae8\",\"collectionHeaderTitleTextColor\":\"000000\",\"collectionHeaderTextColor\":\"000000\",\"collectionShareButtons\":\"1\",\"collectionShareButtonsIconColor\":\"rgba(172, 119, 238, 1)\",\"collectionShareButtonsIconHoverColor\":\"rgba(127, 42, 232, 1)\",\"tagsFilter\":\"1\",\"tagCloudAll\":\"All\",\"tagCloudTextColor\":\"000000\",\"tagCloudBgColor\":\"eeeeee\",\"collectionThumbRecomendedWidth\":\"300\",\"thumbSpacing\":\"10\",\"collectionThumbHoverColor\":\"rgba(0, 0, 0, .7)\",\"collectionThumbContentBGColor\":\"rgba(245,245,245,1)\",\"collectionThumbTitleShow\":\"1\",\"collectionThumbTitleColor\":\"rgba(255,255,255,1)\",\"collectionThumbFontSize\":\"18\",\"collectionThumbSubMenuBackgroundColor\":\"rgba(0, 0, 0, 0)\",\"collectionThumbSubMenuBackgroundColorOver\":\"rgba(0, 0, 0, 0.7)\",\"collectionThumbSubMenuIconColor\":\"rgba(255, 255, 255, 1)\",\"collectionThumbSubMenuIconHoverColor\":\"rgba(255, 255, 255, 1)\",\"collectionInfoEnable\":\"1\",\"collectionItemDownload\":\"1\",\"collectionItemDiscuss\":\"1\",\"collectionSocialShareEnabled\":\"1\",\"collectionLikesEnabled\":\"1\",\"modaBgColor\":\"rgba(0,0,0,0.9)\",\"modalInfoBoxBgColor\":\"rgba(255,255,255,1)\",\"modalInfoBoxTitleTextColor\":\"000000\",\"shareTitlePlaceHolder\":\"Share\",\"modalInfoBoxTextColor\":\"333333\",\"infoBarExifEnable\":\"1\",\"infoBarCountersEnable\":\"1\",\"infoBarDateInfoEnable\":\"1\",\"lightBoxEnable\":\"1\",\"sliderPreloaderColor\":\"ffffff\",\"sliderBgColor\":\"rgba(0,0,0,1)\",\"sliderHeaderFooterBgColor\":\"000000\",\"sliderNavigationColor\":\"rgba(0,0,0,1)\",\"sliderNavigationIconColor\":\"rgba(255,255,255,1)\",\"sliderItemTitleFontSize\":\"24\",\"sliderItemTitleTextColor\":\"ffffff\",\"sliderThumbBarEnable\":\"1\",\"sliderThumbBarHoverColor\":\"ffffff\",\"sliderThumbSubMenuBackgroundColor\":\"rgba(0,0,0,1)\",\"sliderThumbSubMenuBackgroundColorOver\":\"rgba(255,255,255,1)\",\"sliderThumbSubMenuIconColor\":\"rgba(255,255,255,1)\",\"sliderThumbSubMenuIconHoverColor\":\"rgba(0,0,0,1)\",\"sliderInfoEnable\":\"1\",\"sliderItemDownload\":\"1\",\"sliderItemDiscuss\":\"1\",\"sliderSocialShareEnabled\":\"1\",\"sliderLikesEnabled\":\"1\",\"customCSS\":\"\",\"module_url\":\"https:\\\/\\\/edahlion.trustwonder.com\\\/wp-content\\\/blogs.dir\\\/2\\\/grand-media\\\/module\\\/albumsListMasonry\",\"license\":\"2707:1sl-cc50-89e2-e87f\",\"post_url\":\"https:\\\/\\\/edahlion.trustwonder.com\\\/de\\\/wp-json\\\/wp\\\/v2\\\/pages\\\/1337\"}, \"appQuery\":{\"orderby\":\"custom\",\"order\":\"ASC\",\"album__in\":\"2\",\"status\":[\"publish\"]}, \"appApi\":\"https:\\\/\\\/edahlion.trustwonder.com\\\/de\\\/?gmedia-app=1&gmappversion=4&gmmodule=1\", \"appInfo\":{\"name\":\"Animaux\",\"description\":\"\"}};\n\t})()\n<\/script><\/div>\n<p>&nbsp;<\/p>\n<p><a href=\"https:\/\/www.preceden.com\" target=\"_top\" rel=\"noopener noreferrer\">Preceden Timeline Maker<\/a><\/p>\n<p>&nbsp;<\/p>\n<p>&nbsp;<\/p>\n<h1 class=\"edahlion-post-title\" style=\"text-align: center\">\u00a0Synopsis<\/h1>\n<p>&nbsp;<\/p>\n<p style=\"text-align: center\">Le roi d\u2019Edahlion a sombr\u00e9 dans la folie et laisse derri\u00e8re lui un royaume d\u00e9vast\u00e9.<br \/>\nSes habitants ont perdu la foi en le Protecteur, leur dieu qui, depuis, semble garder le silence. Ils vivent dans la crainte d\u2019une<\/p>\n<p>&nbsp;<\/p>\n<h3 class=\"edahlion-fantazy\" style=\"text-align: center\">invasion des n\u00e9cros*.<\/h3>\n<p>&nbsp;<\/p>\n<p class=\"edahlion-intro\" style=\"text-align: center\">S\u00e9duits par le pouvoir de la sorcellerie,<\/p>\n<p class=\"edahlion-intro\" style=\"text-align: center\">ces hommes d\u00e9chus forment \u00e0 pr\u00e9sent une arm\u00e9e invincible.<\/p>\n<p>&nbsp;<\/p>\n<h3 class=\"edahlion-fantazy\" style=\"text-align: center\">La guerre est imminente.<\/h3>\n<p>&nbsp;<\/p>\n<p class=\"edahlion-intro\" style=\"text-align: center\">Vustan les hait du plus profond de son c\u0153ur, \u00e0 cause de la mort de ses parents.<\/p>\n<p class=\"edahlion-intro\" style=\"text-align: center\">Il prend les armes pour venger l\u2019honneur familial et prot\u00e9ger son pays.<\/p>\n<p class=\"edahlion-intro\" style=\"text-align: center\">Mais alors que l\u2019ennemi s\u00e8me la destruction autour de lui,<\/p>\n<p>&nbsp;<\/p>\n<h3 class=\"edahlion-fantazy\" style=\"text-align: center\">Vustan doit faire face<\/h3>\n<h3 class=\"edahlion-fantazy\" style=\"text-align: center\">\u00e0 la noirceur de son propre c\u0153ur.<\/h3>\n<p>&nbsp;<\/p>\n<p class=\"edahlion-intro\" style=\"text-align: center\">Sur sa route, des rencontres improbables et des miracles<\/p>\n<p class=\"edahlion-intro\" style=\"text-align: center\">changeront sa vie \u00e0 tout jamais&#8230;<\/p>\n<p>&nbsp;<\/p>\n<p>&nbsp;<\/p>\n<p style=\"text-align: center\"><em>*<\/em><a href=\"http:\/\/www.trustwonder.com\/projets\/actualites\/36-les-necros\" target=\"_blank\" rel=\"noopener noreferrer\"><em>n\u00e9cromanciens<\/em><\/a><\/p>\n<p>&nbsp;<\/p>\n<p>&nbsp;<\/p>\n<p>&nbsp;<\/p>\n<h1 class=\"edahlion-post-title\" style=\"text-align: center\"><strong>QUELQUES CHIFFRES <\/strong><\/h1>\n<p>&nbsp;<\/p>\n<h3 class=\"edahlion-fantazy\" style=\"text-align: center\">8 ann\u00e9es de travail<\/h3>\n<h4 class=\"edahlion-fantazy\" style=\"text-align: center\">(\u00e9criture du sc\u00e9nario et tournages)<\/h4>\n<p>&nbsp;<\/p>\n<p>&nbsp;<\/p>\n<h3 class=\"edahlion-fantazy\" style=\"text-align: center\">Plus de 500 figurants et com\u00e9diens<\/h3>\n<h4 class=\"edahlion-fantazy\" style=\"text-align: center\">sur l&#8217;ensemble des tournages<\/h4>\n<p>&nbsp;<\/p>\n<p>&nbsp;<\/p>\n<h3 class=\"edahlion-fantazy\" style=\"text-align: center\">Plus de 50 participants<\/h3>\n<h4 class=\"edahlion-fantazy\" style=\"text-align: center\">lors du plus grand tournage<\/h4>\n<p>&nbsp;<\/p>\n<h3><img loading=\"lazy\" id=\"gmedia-image-341\" class=\"gmedia-singlepic alignnone\" title=\"11218703 485899658235082 1802745827913926028 n\" src=\"https:\/\/edahlion.micheledighoffer.fr\/wp-content\/grand-media\/image\/11218703_485899658235082_1802745827913926028_n.jpg\" alt=\"11218703 485899658235082 1802745827913926028 n\" width=\"960\" height=\"540\" \/><\/h3>\n<p>&nbsp;<\/p>\n<h1><\/h1>\n<h3 class=\"edahlion-fantazy\" style=\"text-align: center\">Plus de 15 000 euros<\/h3>\n<h4 class=\"edahlion-fantazy\" style=\"text-align: center\">investis par fonds priv\u00e9s<\/h4>\n<p>&nbsp;<\/p>\n<p>&nbsp;<\/p>\n<h3 class=\"edahlion-fantazy\" style=\"text-align: center\">30 lieux de tournage<\/h3>\n<h4 class=\"edahlion-fantazy\" style=\"text-align: center\">en Alsace<\/h4>\n<p>&nbsp;<\/p>\n<p>&nbsp;<\/p>\n<h3 class=\"edahlion-fantazy\" style=\"text-align: center\">100 tournages effectu\u00e9s<\/h3>\n<p>&nbsp;<\/p>\n<p>&nbsp;<\/p>\n<h3 class=\"edahlion-fantazy\" style=\"text-align: center\">80 costumes r\u00e9alis\u00e9s<\/h3>\n<h4 class=\"edahlion-fantazy\" style=\"text-align: center\">dont plusieurs sur mesure<\/h4>\n<p>&nbsp;<\/p>\n<p>&nbsp;<\/p>\n<h3 class=\"edahlion-fantazy\" style=\"text-align: center\">5 acteurs principaux<\/h3>\n<h4 class=\"edahlion-fantazy\" style=\"text-align: center\">impliqu\u00e9s pendant plus de 3 ans<\/h4>\n<p>&nbsp;<\/p>\n<p>&nbsp;<\/p>\n<h3 class=\"edahlion-fantazy\"><\/h3>\n<p>&nbsp;<\/p>\n<h1 class=\"edahlion-post-title\" style=\"text-align: center\"><strong>L\u2019\u00e9quipe du film<\/strong><\/h1>\n<p>&nbsp;<\/p>\n<h2><img loading=\"lazy\" id=\"gmedia-image-327\" class=\"gmedia-singlepic alignnone\" title=\"Michel 3\" src=\"https:\/\/edahlion.micheledighoffer.fr\/wp-content\/grand-media\/image\/Michel_3.jpg\" alt=\"Michel 3\" width=\"1620\" height=\"1080\" \/><\/h2>\n<h2>Michel C. Jacky, r\u00e9alisateur, chef de projet<\/h2>\n<p>Son r\u00eave de gamin\u00a0: r\u00e9aliser un long-m\u00e9trage. Audacieux, \u00e9nergique et passionn\u00e9, il f\u00e9d\u00e8re de multiples collaborateurs dont il organise les missions avec d\u00e9termination. Il s\u2019engage corps et \u00e2me dans cette aventure et ne recule devant aucune difficult\u00e9\u00a0!<\/p>\n<p>&nbsp;<\/p>\n<p>&nbsp;<\/p>\n<h2><img loading=\"lazy\" id=\"gmedia-image-333\" class=\"gmedia-singlepic alignnone\" title=\"Jo dir artistique\" src=\"https:\/\/edahlion.micheledighoffer.fr\/wp-content\/grand-media\/image\/Jo_dir_artistique.jpg\" alt=\"Jo dir artistique\" width=\"2200\" height=\"1238\" \/><\/h2>\n<h2>Jonathan Ott, premier assistant r\u00e9alisateur, directeur artistique<\/h2>\n<p>F\u00e9ru de reconstitution historique, Jo traque les anachronismes et apporte son exp\u00e9rience de plusieurs court-m\u00e9trages. Sa bonhommie fait \u00e9galement de lui un soutien pr\u00e9cieux au c\u0153ur de l\u2019\u00e9quipe.<\/p>\n<p>&nbsp;<\/p>\n<p>&nbsp;<\/p>\n<h2><img loading=\"lazy\" id=\"gmedia-image-331\" class=\"gmedia-singlepic alignnone\" title=\"Florence 2\" src=\"https:\/\/edahlion.micheledighoffer.fr\/wp-content\/grand-media\/image\/Florence_2.jpg\" alt=\"Florence 2\" width=\"2200\" height=\"1467\" \/><\/h2>\n<h2>Florence Brobeck, sc\u00e9nariste, coach des acteurs<\/h2>\n<p>Pleine d\u2019imagination et de fantaisie, Florence met sa plume au service du projet. Sur les tournages, elle guide le jeu des acteurs \u00e0 travers sa connaissance aigu\u00eb des personnages et son go\u00fbt pour la mise en sc\u00e8ne.<\/p>\n<p>&nbsp;<\/p>\n<p>&nbsp;<\/p>\n<p>&nbsp;<\/p>\n<p><img loading=\"lazy\" id=\"gmedia-image-339\" class=\"gmedia-singlepic alignnone\" title=\"20150926 165923\" src=\"https:\/\/edahlion.micheledighoffer.fr\/wp-content\/grand-media\/image\/20150926_165923.jpg\" alt=\"20150926 165923\" width=\"2200\" height=\"1238\" \/><\/p>\n<h2>Yannick Purwins, cadreur<\/h2>\n<p>Depuis qu&#8217;il s&#8217;est d\u00e9couvert cette passion sur nos tournages, Yannick a acquis des comp\u00e9tences solides dans la prise d&#8217;images. Il apporte une volont\u00e9 de bien faire marqu\u00e9e et un investissement authentique au projet.<\/p>\n<p>&nbsp;<\/p>\n<p>&nbsp;<\/p>\n<h2><img loading=\"lazy\" id=\"gmedia-image-325\" class=\"gmedia-singlepic alignnone\" title=\"Marion 2\" src=\"https:\/\/edahlion.micheledighoffer.fr\/wp-content\/grand-media\/image\/Marion_2.jpg\" alt=\"Marion 2\" width=\"2200\" height=\"1467\" \/><\/h2>\n<h2>Marion Solomiac, sc\u00e9nariste, maquilleuse, coiffeuse<\/h2>\n<p>Une cr\u00e9ativit\u00e9 qui s\u2019exprime au sc\u00e9nario comme dans la transformation des com\u00e9diens. Humour d\u00e9capant compris dans le lot\u00a0!<\/p>\n<p>&nbsp;<\/p>\n<p>&nbsp;<\/p>\n<h2><img loading=\"lazy\" id=\"gmedia-image-328\" class=\"gmedia-singlepic alignnone\" title=\"Tim S 2\" src=\"https:\/\/edahlion.micheledighoffer.fr\/wp-content\/grand-media\/image\/Tim_S_2.jpg\" alt=\"Tim S 2\" width=\"2200\" height=\"1467\" \/><\/h2>\n<h2>Timoth\u00e9e Schuler, r\u00e9gisseur<\/h2>\n<p>Timoth\u00e9e sait se rendre disponible pour remplir les estomacs et conduire les troupes sans fl\u00e9chir\u00a0!<\/p>\n<p>&nbsp;<\/p>\n<p>&nbsp;<\/p>\n<h2><img loading=\"lazy\" id=\"gmedia-image-326\" class=\"gmedia-singlepic alignnone\" title=\"Marisa\" src=\"https:\/\/edahlion.micheledighoffer.fr\/wp-content\/grand-media\/image\/Marisa.jpg\" alt=\"Marisa\" width=\"960\" height=\"640\" \/><\/h2>\n<h2>Marisa Schuler, r\u00e9gisseur<\/h2>\n<p>Aux petits soins avec chacun, Marisa offre sa douceur et ses attentions \u00e0 travers un engagement g\u00e9n\u00e9reux.<\/p>\n<p>&nbsp;<\/p>\n<p>&nbsp;<\/p>\n<h2><img loading=\"lazy\" id=\"gmedia-image-332\" class=\"gmedia-singlepic alignnone\" title=\"Grand Tim 2\" src=\"https:\/\/edahlion.micheledighoffer.fr\/wp-content\/grand-media\/image\/Grand_Tim_2.jpg\" alt=\"Grand Tim 2\" width=\"1620\" height=\"1080\" \/><\/h2>\n<h2>Timoth\u00e9e Voltzenlogel, soutien logistique<\/h2>\n<p>L\u2019investissement de Grand-Tim se d\u00e9marque par son application in\u00e9branlable dans chacune de ses missions\u00a0: accessoires, figuration, support technique, etc.<\/p>\n<p>&nbsp;<\/p>\n<p>&nbsp;<\/p>\n<h2><strong><img loading=\"lazy\" id=\"gmedia-image-334\" class=\"gmedia-singlepic alignnone\" title=\"Korantin 2\" src=\"https:\/\/edahlion.micheledighoffer.fr\/wp-content\/grand-media\/image\/Korantin_2.jpg\" alt=\"Korantin 2\" width=\"2200\" height=\"1467\" \/><\/strong><\/h2>\n<h2><strong>Korantin B. de Lanley, acteur principal<\/strong><\/h2>\n<p>Korantin met \u00e0 profit sa pratique du combat m\u00e9di\u00e9val et interpr\u00e8te un h\u00e9ros tortur\u00e9 avec brio.<\/p>\n<p>&nbsp;<\/p>\n<p>&nbsp;<\/p>\n<h2><strong><img loading=\"lazy\" id=\"gmedia-image-330\" class=\"gmedia-singlepic alignnone\" title=\"Camille\" src=\"https:\/\/edahlion.micheledighoffer.fr\/wp-content\/grand-media\/image\/Camille.jpg\" alt=\"Camille\" width=\"2200\" height=\"1467\" \/><\/strong><\/h2>\n<h2><strong>Camille Ledoux, actrice principale<\/strong><\/h2>\n<p>Ambitieuse et tr\u00e8s investie dans son r\u00f4le, Camille sait nous offrir un jeu ma\u00eetris\u00e9 \u00e0 travers une large palette d\u2019\u00e9motions.<\/p>\n<p>&nbsp;<\/p>\n<p>&nbsp;<\/p>\n<p>&nbsp;<\/p>\n<p>Et pour en savoir plus sur les membres de Trustwonder, c&#8217;est par <a href=\"http:\/\/www.trustwonder.com\/trustwonder\/equipe\/\" target=\"_blank\" rel=\"noopener noreferrer\">ici<\/a> !<\/p>\n<p>&nbsp;<\/p>\n<p>&nbsp;<\/p>\n<p>&nbsp;<\/p>\n<h1 class=\"edahlion-post-title\" style=\"text-align: center\"><strong>Pourquoi le financement\u00a0?<\/strong><\/h1>\n<p>&nbsp;<\/p>\n<p>&nbsp;<\/p>\n<p>C\u2019est la derni\u00e8re ligne droite avant la sortie du film\u00a0! Port\u00e9 par une \u00e9quipe enti\u00e8rement b\u00e9n\u00e9vole, il a \u00e9t\u00e9 financ\u00e9 jusqu\u2019\u00e0 pr\u00e9sent par des fonds priv\u00e9s. Le projet a graduellement pris de l\u2019ampleur pour d\u00e9passer tout ce que nous avions imagin\u00e9.<\/p>\n<p>Aujourd\u2019hui, nous avons besoin de votre aide\u00a0!<\/p>\n<p>&nbsp;<\/p>\n<p>&nbsp;<\/p>\n<h3 class=\"edahlion-fantazy\" style=\"text-align: center\">Nous voudrions rassembler<br \/>\n<span class=\"crowdfunding--number\">5000 euros<\/span><\/h3>\n<p>&nbsp;<\/p>\n<p style=\"text-align: center\">pour impulser nos deux ultimes chantiers :<\/p>\n<p>&nbsp;<\/p>\n<h3 class=\"edahlion-fantazy\" style=\"text-align: center\">la post-production et la diffusion.<\/h3>\n<p>&nbsp;<\/p>\n<p>&nbsp;<\/p>\n<p>En effet, le sound-design, les effets sp\u00e9ciaux ou encore la composition musicale sont des domaines techniques pointus\u00a0; ils r\u00e9clament des comp\u00e9tences que nous ne ma\u00eetrisons pas suffisamment pour aboutir au r\u00e9sultat de qualit\u00e9 que nous d\u00e9sirons vous offrir. Voil\u00e0 pourquoi nous voulons confier ces t\u00e2ches \u00e0 de vrais professionnels.<\/p>\n<p>&nbsp;<\/p>\n<p>Par ailleurs, la sortie du film elle-m\u00eame va comporter des co\u00fbts\u00a0: affiches, stands de pr\u00e9sentation, droits d\u2019entr\u00e9e aux festivals, fabrication des copies du film, location de salles de projection, etc.<\/p>\n<p>&nbsp;<\/p>\n<p>&nbsp;<\/p>\n<h3 class=\"edahlion-fantazy\" style=\"text-align: center\">quelle r\u00e9partition des fonds ?<\/h3>\n<p>&nbsp;<\/p>\n<p>&nbsp;<\/p>\n<p>60% pour r\u00e9mun\u00e9rer les artistes de la post-production<\/p>\n<p>40% pour couvrir les frais li\u00e9s \u00e0 la diffusion<\/p>\n<p>&nbsp;<\/p>\n<p>&nbsp;<\/p>\n<h2 style=\"text-align: center\">Le projet vous int\u00e9resse\u00a0?<\/h2>\n<h2 style=\"text-align: center\">Vous avez peut-\u00eatre \u00e9t\u00e9 figurant sur nos tournages\u00a0? Vous voulez soutenir une initiative locale qui donne la part belle au patrimoine alsacien\u00a0?<\/h2>\n<h2 style=\"text-align: center\">Alors c\u2019est \u00e0 vous de jouer\u00a0!<\/h2>\n<p>&nbsp;<\/p>\n<p>Ce financement participatif est un moyen pour vous de prendre part au projet d\u2019une fa\u00e7on nouvelle et concr\u00e8te\u00a0: devenez le sponsor d\u2019\u00ab\u00a0Edahlion, le royaume orphelin\u00a0\u00bb\u00a0!<\/p>\n<p>&nbsp;<\/p>\n<p>&nbsp;<\/p>\n<p>&nbsp;<\/p>\n<h1 class=\"edahlion-post-title\" style=\"text-align: center\"><strong>Les contreparties<\/strong><\/h1>\n<p>&nbsp;<\/p>\n<p>&nbsp;<\/p>\n<p>En devenant l\u2019un de nos donateurs, pr\u00e9parez-vous \u00e0 recevoir quelques surprises\u2026<\/p>\n<p>&nbsp;<\/p>\n<h2>Don de\u00a0<span class=\"crowdfunding--number\">5\u20ac<\/span> \u00ab\u00a0BASIC\u00a0\u00bb<\/h2>\n<p>Un chaleureux merci de la part de toute l\u2019\u00e9quipe.<\/p>\n<hr \/>\n<h2>Don de <span class=\"crowdfunding--number\">10\u20ac<\/span>\u00a0\u00ab\u00a0NAMING \u00bb<\/h2>\n<p>Vos nom et pr\u00e9nom dans le g\u00e9n\u00e9rique du film.<\/p>\n<hr \/>\n<h2>Don de <span class=\"crowdfunding--number\">25\u20ac<\/span> ou plus\u00a0\u00ab\u00a0COLLECTOR\u00a0\u00bb<\/h2>\n<p><img loading=\"lazy\" class=\"wp-image-1484 alignleft\" src=\"http:\/\/edahlion.trustwonder.com\/wp-content\/uploads\/sites\/2\/2019\/05\/Contre-partie__Stylo-3-300x113.png\" alt=\"\" width=\"200\" height=\"75\" \/>Les contreparties pr\u00e9c\u00e9dentes + 1 stylo Edahlion.<\/p>\n<hr \/>\n<h2>Don de <span class=\"crowdfunding--number\">50\u20ac<\/span> ou plus \u00ab\u00a0DEDICACE\u00a0\u00bb<\/h2>\n<p><img loading=\"lazy\" class=\"wp-image-1485 alignleft\" src=\"http:\/\/edahlion.trustwonder.com\/wp-content\/uploads\/sites\/2\/2019\/05\/Mug_design-3-300x124.png\" alt=\"\" width=\"200\" height=\"82\" \/><\/p>\n<p>Les contreparties pr\u00e9c\u00e9dentes + 1 Mug Edahlion.<\/p>\n<hr \/>\n<h2>Don de <span class=\"crowdfunding--number\">100\u20ac<\/span> ou plus \u00ab\u00a0CHEVALIER\u00a0\u00bb<\/h2>\n<p><img loading=\"lazy\" class=\"wp-image-1486 alignleft\" src=\"http:\/\/edahlion.trustwonder.com\/wp-content\/uploads\/sites\/2\/2019\/05\/Tshirt-3-280x300.png\" alt=\"\" width=\"200\" height=\"214\" \/><\/p>\n<p>Les contreparties pr\u00e9c\u00e9dentes + 1 T-shirt Edahlion, \u00e9dition exclusive r\u00e9serv\u00e9e aux contributeurs.<\/p>\n<hr \/>\n<h2>Don de <span class=\"crowdfunding--number\">1000\u20ac<\/span> ou plus \u00ab\u00a0GRAAL\u00a0\u00bb<\/h2>\n<p>Les contreparties pr\u00e9c\u00e9dentes + Projection priv\u00e9e chez vous en avant-premi\u00e8re avec le r\u00e9alisateur, le directeur artistique et les principaux com\u00e9diens (sous r\u00e9serve de disponibilit\u00e9 \u00e0 la date souhait\u00e9e).<\/p>\n<p>&nbsp;<\/p>\n<p class=\"edahlion-fantazy\" style=\"text-align: center\">N&#8217;oubliez pas d&#8217;indiquer votre nom et votre adresse lors du don sur paypal ou lors du virement !<\/p>\n<p>&nbsp;<\/p>\n<p>&nbsp;<\/p>\n<h1 id=\"comment-donner\" class=\"edahlion-post-title\" style=\"text-align: center\"><strong>Comment donner\u00a0?<\/strong><\/h1>\n<p>&nbsp;<\/p>\n<h2><\/h2>\n<h2>Cagnotte PAYPAL de <span class=\"crowdfunding--number\">5000\u20ac<\/span><\/h2>\n<p>Donnez sur la plateforme de r\u00e9colte de fonds participatif :<\/p>\n<p>&nbsp;<\/p>\n<p class=\"edahlion-fantazy\" style=\"text-align: center\"><strong><a href=\"http:\/\/bit.ly\/cagnotte-financement-edahlion\" target=\"_blank\" rel=\"noopener noreferrer\">EDAHLION, post-production et diffusion<\/a><\/strong><\/p>\n<p>&nbsp;<\/p>\n<p class=\"edahlion-intro edahlion-fantazy\" style=\"text-align: center\">D\u00e9j\u00e0 <span class=\"crowdfunding--available\">pas mal<\/span> r\u00e9colt\u00e9s !<br \/>\nOn a encore besoin de <span class=\"crowdfunding--rest\">vous<\/span> !<\/p>\n<p>&nbsp;<\/p>\n<p>&nbsp;<\/p>\n<h1 class=\"edahlion-post-title\" style=\"text-align: center\">En savoir plus<\/h1>\n<p>Visitez notre site <a href=\"http:\/\/trustwonder.com\" target=\"_blank\" rel=\"noopener noreferrer\">trustwonder.com<\/a><\/p>\n<p>Visitez notre page facebook <a href=\"https:\/\/www.facebook.com\/TrustWonder\/\" target=\"_blank\" rel=\"noopener noreferrer\">Trustwonder<\/a><\/p>\n<p>Contactez-nous : <a href=\"http:\/\/www.trustwonder.com\/contact\/\" target=\"_blank\" rel=\"noopener noreferrer\">http:\/\/www.trustwonder.com\/contact\/<\/a><\/p>\n<p>&nbsp;<\/p>\n","protected":false},"excerpt":{"rendered":"<p>&nbsp; &nbsp; D\u00e9couvrez ici pourquoi nous lan\u00e7ons un financement participatif pour &#8220;Edahlion&#8221; ! &nbsp; 5000 euros \u00e0 collecter du lundi 29 avril au lundi 29 juin 23h59 &nbsp; &nbsp; &nbsp; Le projet &nbsp; A l\u2019origine, un groupe d\u2019amis passionn\u00e9s par le cin\u00e9ma et l\u2019univers du Seigneur des Anneaux. Nous r\u00e9alisons plusieurs courts-m\u00e9trages avec lesquels nait [&hellip;]<\/p>\n","protected":false},"author":4,"featured_media":0,"parent":0,"menu_order":0,"comment_status":"closed","ping_status":"closed","template":"","meta":[],"_links":{"self":[{"href":"https:\/\/edahlion.trustwonder.com\/de\/wp-json\/wp\/v2\/pages\/1337"}],"collection":[{"href":"https:\/\/edahlion.trustwonder.com\/de\/wp-json\/wp\/v2\/pages"}],"about":[{"href":"https:\/\/edahlion.trustwonder.com\/de\/wp-json\/wp\/v2\/types\/page"}],"author":[{"embeddable":true,"href":"https:\/\/edahlion.trustwonder.com\/de\/wp-json\/wp\/v2\/users\/4"}],"replies":[{"embeddable":true,"href":"https:\/\/edahlion.trustwonder.com\/de\/wp-json\/wp\/v2\/comments?post=1337"}],"version-history":[{"count":2,"href":"https:\/\/edahlion.trustwonder.com\/de\/wp-json\/wp\/v2\/pages\/1337\/revisions"}],"predecessor-version":[{"id":2360,"href":"https:\/\/edahlion.trustwonder.com\/de\/wp-json\/wp\/v2\/pages\/1337\/revisions\/2360"}],"wp:attachment":[{"href":"https:\/\/edahlion.trustwonder.com\/de\/wp-json\/wp\/v2\/media?parent=1337"}],"curies":[{"name":"wp","href":"https:\/\/api.w.org\/{rel}","templated":true}]}}