{"id":134,"date":"2018-02-21T20:20:56","date_gmt":"2018-02-21T20:20:56","guid":{"rendered":"https:\/\/edahlion.micheledighoffer.fr\/?page_id=134"},"modified":"2022-06-07T21:57:23","modified_gmt":"2022-06-07T19:57:23","slug":"tournages","status":"publish","type":"page","link":"https:\/\/edahlion.trustwonder.com\/de\/coulisses\/tournages\/","title":{"rendered":"Dreharbeiten"},"content":{"rendered":"<h1><\/h1>\n<p>&nbsp;<\/p>\n<h1 class=\"edahlion-post-title\" style=\"text-align: center;\">\u201eSequenz 9, Aufnahme 4,<br \/>\nTake 7, CLAP!\u201c<\/h1>\n<blockquote><p>&nbsp;<\/p>\n<p class=\"small-fantazy\" style=\"line-height: 1.5rem;\"><em>W\u00e4hrend der Dreharbeiten haben Sie immer wieder dieses Ritual geh\u00f6rt, das des legend\u00e4ren \u201eAction!\u201c.<br \/>\n<\/em><\/p>\n<p>&nbsp;<\/p>\n<p class=\"small-fantazy\" style=\"line-height: 1.5rem;\"><em>Ja, aber&#8230; was bedeutet das genau?<br \/>\n<\/em><\/p>\n<p>&nbsp;<\/p><\/blockquote>\n<p>Der Film ist in kleine Teile gegliedert, die um einen Ort oder eine Figur herum aufgebaut sind, die eine Reihe von Szenen zusammenbringt. Diese Teile werden Sequenzen genannt. Eine Aufnahme ist der Dreh einer Szene, von dem Moment an, in dem die Kamera eingeschaltet wird, bis zu dem Moment, in dem sie ausgeschaltet wird. Jeder Dreh einer Aufnahme ist ein Take. Oft sind mehrere Takes n\u00f6tig, bis das Ergebnis Ihren Vorstellungen entspricht.<\/p>\n<p>&nbsp;<\/p>\n<p>&nbsp;<\/p>\n<p><img loading=\"lazy\" id=\"gmedia-image-316\" class=\"gmedia-singlepic aligncenter\" title=\"Marisa 1\" src=\"https:\/\/edahlion.micheledighoffer.fr\/wp-content\/grand-media\/image\/Marisa_1.jpg\" alt=\"Marisa 1\" width=\"960\" height=\"640\" \/><\/p>\n<blockquote>\n<p class=\"small-fantazy\" style=\"line-height: 1.5rem;\"><em>Und der Clap, warum brauchen wir ihn? <\/em><\/p>\n<\/blockquote>\n<p>&nbsp;<\/p>\n<p>Sie wird zu Beginn jeder Aufnahme f\u00fcr einen kurzen Moment vor der Kamera pr\u00e4sentiert und erm\u00f6glicht zun\u00e4chst die Identifizierung und Nummerierung der Aufnahmen. Es wird auch dazu verwendet, Ton und Bild (auf getrennten Medien aufgezeichnet) zu synchronisieren, indem w\u00e4hrend der Bearbeitung Bewegung und Ton kombiniert werden.<\/p>\n<p>&nbsp;<\/p>\n<p>&nbsp;<\/p>\n<p>&nbsp;<\/p>\n<h1 class=\"edahlion-post-title\" style=\"text-align: center;\">Die verschiedenen Rollen der Dreharbeit<\/h1>\n<blockquote><p>&nbsp;<\/p>\n<p class=\"small-fantazy\" style=\"line-height: 1.5rem;\"><em>Ein Filmdreh ist ein wichtiges Ereignis, bei dem sich verschiedene Akteure vermischen, und ihre H\u00fcte sind manchmal mehrere. Hier ist ein kurzer \u00dcberblick \u00fcber die &#8220;Berufe der Filmbranche&#8221;, die auf unseren Sets zu finden sind!<\/em><\/p>\n<p>&nbsp;<\/p><\/blockquote>\n<h6 style=\"text-align: center;\"><span style=\"color: #000000;\">.<\/span><\/h6>\n<h3 class=\"edahlion-fantazy\" style=\"text-align: center;\"><strong>Regisseur<br \/>\n<\/strong><\/h3>\n<p>&nbsp;<\/p>\n<p>Er leitet das k\u00fcnstlerische Schaffen des Films. Er bestimmt, wie die Geschichte geschnitten wird. Er inszeniert das B\u00fchnenbild und die Beleuchtung und f\u00fchrt auch Regie bei den Schauspielern. Bei unserem Projekt sind der Direktor und sein Assistent auch die Hauptproduzenten, was eine gewisse Freiheit f\u00fcr das Produktionsbudget erlaubt.<\/p>\n<blockquote>\n<p class=\"small-fantazy\" style=\"text-align: center;\"><span style=\"font-size: 14pt;\"><em>\u201e Meine Aufgabe ist es, die von den Drehbuchautoren geschriebene Geschichte neu<br \/>\nzu schreiben in Bild und Ton, wodurch eine originelle Atmosph\u00e4re f\u00fcr den Film geschaffen wird. Ich definiere auch, wie die Dreharbeiten technisch.\u201c<\/em><\/span><br \/>\n<span style=\"font-size: 14pt;\">Michel, Projektleiter und Regisseur <\/span><\/p>\n<p>&nbsp;<\/p><\/blockquote>\n<p><img loading=\"lazy\" id=\"gmedia-image-346\" class=\"gmedia-singlepic alignnone\" title=\"R\u00e9alisateur\" src=\"https:\/\/edahlion.trustwonder.com\/wp-content\/blogs.dir\/2\/grand-media\/image\/r_alisateur.jpg\" alt=\"R\u00e9alisateur\" width=\"960\" height=\"640\" \/><\/p>\n<h6 style=\"text-align: center;\"><span style=\"color: #000000;\">.<\/span><\/h6>\n<h3 class=\"edahlion-fantazy\" style=\"text-align: center;\"><strong>Kameramann<\/strong><\/h3>\n<p>&nbsp;<\/p>\n<p>Er verwaltet die Kamera und ihr Zubeh\u00f6r und dreht die Filmaufnahmen nach den Anweisungen des Direktors. Je nach Bedarf kann das &#8220;Kamera&#8221;-Team mit einem Steadicam-Operator erweitert werden.<\/p>\n<p>Finden Sie <a href=\"https:\/\/trustwonder.com\/2019\/01\/24\/yannick-cameraman\/\" target=\"_blank\" rel=\"noopener\"><u>hier<\/u> <\/a>Yannicks Zeugenaussage (fr)!<\/p>\n<p>&nbsp;<\/p>\n<p><img loading=\"lazy\" id=\"gmedia-image-342\" class=\"gmedia-singlepic alignnone\" title=\"Cadreur\" src=\"https:\/\/edahlion.trustwonder.com\/wp-content\/blogs.dir\/2\/grand-media\/image\/cadreur.jpg\" alt=\"Cadreur\" width=\"2200\" height=\"1467\" \/><\/p>\n<h6 style=\"text-align: center;\"><span style=\"color: #000000;\">.<\/span><\/h6>\n<h3 class=\"edahlion-fantazy\" style=\"text-align: center;\"><strong>Tonaufnahmeger\u00e4t<\/strong><\/h3>\n<p>&nbsp;<\/p>\n<p>Mit dem Tonstativ, an deren Ende ein Mikrofon befestigt ist, folgt er allen Bewegungen der Schauspieler (und der Kamera), wobei er darauf achtet, nicht im Bild zu sein.<\/p>\n<p>&nbsp;<\/p>\n<p><img loading=\"lazy\" id=\"gmedia-image-348\" class=\"gmedia-singlepic alignnone\" title=\"Son\" src=\"https:\/\/edahlion.trustwonder.com\/wp-content\/blogs.dir\/2\/grand-media\/image\/son.jpg\" alt=\"Son\" width=\"2200\" height=\"1467\" \/><\/p>\n<h6 style=\"text-align: center;\"><span style=\"color: #000000;\">.<\/span><\/h6>\n<h3 class=\"edahlion-fantazy\" style=\"text-align: center;\"><strong>Skript<\/strong><\/h3>\n<p>&nbsp;<\/p>\n<p>In unserem kleinen Regieteam wird die Kontinuit\u00e4t der Produktion direkt vom Regisseur \u00fcberwacht. Diese Rolle beinhaltet eine st\u00e4ndige Beobachtung, um Verbindungen zwischen Aufnahmen, Szenen und Sequenzen sicherzustellen, die selten in chronologischer Reihenfolge gedreht werden.<\/p>\n<h6 style=\"text-align: center;\"><span style=\"color: #000000;\">.<\/span><\/h6>\n<h3 class=\"edahlion-fantazy\" style=\"text-align: center;\"><strong>Schauspieler<\/strong><\/h3>\n<p>&nbsp;<\/p>\n<p>Er interpretiert eine Figur aus dem Film.<\/p>\n<p>&nbsp;<\/p>\n<p><img loading=\"lazy\" id=\"gmedia-image-341\" class=\"gmedia-singlepic alignnone\" title=\"Acteur\" src=\"https:\/\/edahlion.trustwonder.com\/wp-content\/blogs.dir\/2\/grand-media\/image\/acteur.jpg\" alt=\"Acteur\" width=\"2200\" height=\"1467\" \/><\/p>\n<h6 style=\"text-align: center;\"><span style=\"color: #000000;\">.<\/span><\/h6>\n<h3 class=\"edahlion-fantazy\" style=\"text-align: center;\"><strong>Statisten<\/strong><\/h3>\n<p>&nbsp;<\/p>\n<p>Sie haben keinen Text zu sagen und f\u00fcgen sich im Hintergrund in die Szenerie ein. Wenn sich die Rolle aus der Masse hervorhebt, wird man sagen, dass es eine Silhouette ist.<\/p>\n<p>&nbsp;<\/p>\n<p><img loading=\"lazy\" id=\"gmedia-image-344\" class=\"gmedia-singlepic alignnone\" title=\"Figurants\" src=\"https:\/\/edahlion.trustwonder.com\/wp-content\/blogs.dir\/2\/grand-media\/image\/figurants.jpg\" alt=\"Figurants\" width=\"2200\" height=\"1650\" \/><\/p>\n<h6 style=\"text-align: center;\"><span style=\"color: #000000;\">.<\/span><\/h6>\n<h3 class=\"edahlion-fantazy\" style=\"text-align: center;\"><strong>Trainer der Schauspieler<\/strong><\/h3>\n<p>&nbsp;<\/p>\n<p>Normalerweise wird diese Funktion dem Regisseur zugeschrieben, aber (bei uns) auch von jemandem, der das Drehbuch gut kennt. Mit dem Text in der Hand, ist seine oder ihre Rolle, die Leistung der Schauspieler zu lenken.<\/p>\n<p>&nbsp;<\/p>\n<p><img loading=\"lazy\" id=\"gmedia-image-343\" class=\"gmedia-singlepic alignnone\" title=\"Coach\" src=\"https:\/\/edahlion.trustwonder.com\/wp-content\/blogs.dir\/2\/grand-media\/image\/coach.jpg\" alt=\"Coach\" width=\"2200\" height=\"1467\" \/><\/p>\n<h6 style=\"text-align: center;\"><span style=\"color: #000000;\">.<\/span><\/h6>\n<h3 class=\"edahlion-fantazy\" style=\"text-align: center;\"><strong>Location manager<br \/>\n<\/strong><\/h3>\n<p>&nbsp;<\/p>\n<p>Bei unseren Dreharbeiten k\u00fcmmert er sich um die praktische Organisation und Logistik der Dreharbeiten (Menschen und Ausr\u00fcstung) sowie um die Pflege der Truppen.<\/p>\n<p>Finden Sie <a href=\"https:\/\/trustwonder.com\/2019\/01\/27\/marisa-regisseur\/\" target=\"_blank\" rel=\"noopener\"><u>hier<\/u> <\/a>Marisas Zeugenaussage (fr)!<\/p>\n<p>&nbsp;<\/p>\n<p><img loading=\"lazy\" id=\"gmedia-image-347\" class=\"gmedia-singlepic alignnone\" title=\"R\u00e9gie\" src=\"https:\/\/edahlion.trustwonder.com\/wp-content\/blogs.dir\/2\/grand-media\/image\/r_gie.jpg\" alt=\"R\u00e9gie\" width=\"2200\" height=\"1467\" \/><\/p>\n<h6 style=\"text-align: center;\"><span style=\"color: #000000;\">.<\/span><\/h6>\n<h3 class=\"edahlion-fantazy\" style=\"text-align: center;\"><strong>HMC<\/strong><\/h3>\n<p>&nbsp;<\/p>\n<p>Kost\u00fcm (Habillage), Make-up (Maquillage), Frisur (Coiffure). Die Kost\u00fcmbildnerin entwirft die Kost\u00fcme und wird bei den Dreharbeiten zur Garderobiere. Der Maskenbildner-in ist daf\u00fcr verantwortlich, die Figuren glaubw\u00fcrdig zu machen (Sch\u00f6nheitsmakeup, aber auch Verletzungen, Frisuren anderer Epochen, B\u00e4rte usw.).<\/p>\n<p>&nbsp;<\/p>\n<p><img loading=\"lazy\" id=\"gmedia-image-345\" class=\"gmedia-singlepic alignnone\" title=\"Maquillage\" src=\"https:\/\/edahlion.trustwonder.com\/wp-content\/blogs.dir\/2\/grand-media\/image\/maquillage.jpg\" alt=\"Maquillage\" width=\"1620\" height=\"1080\" \/><\/p>\n<h6 style=\"text-align: center;\"><span style=\"color: #000000;\">.<\/span><\/h6>\n<h3 class=\"edahlion-fantazy\" style=\"text-align: center;\"><strong>Fotograf<\/strong><\/h3>\n<p>&nbsp;<\/p>\n<p>Es ist die Person, die die Fotos der Drehszenen und die Portr\u00e4ts der Hauptdarsteller zur Verf\u00fcgung stellt, Illustrationen, die die Ver\u00f6ffentlichung des Films erm\u00f6glichen.<\/p>\n<p>Mehrere Personen wechseln sich bei dieser Aufgabe ab, je nach Verf\u00fcgbarkeit.<\/p>\n<p>&nbsp;<\/p>\n<blockquote>\n<p class=\"small-fantazy\" style=\"line-height: 1.5rem; text-align: center;\"><em>M\u00f6chten Sie mehr \u00fcber unser <a href=\"https:\/\/trustwonder.com\/lequipe\/\" target=\"_blank\" rel=\"noopener\">Team<\/a> erfahren?<br \/>\nMachen Sie einen Rundgang<br \/>\nauf der der <a href=\"https:\/\/trustwonder.com\/\" target=\"_blank\" rel=\"noopener\"><u>Trustwonder<\/u><\/a>-Gruppe gewidmeten Website!<\/em><\/p>\n<p><em>\u00a0<\/em><\/p><\/blockquote>\n","protected":false},"excerpt":{"rendered":"<p>&nbsp; \u201eSequenz 9, Aufnahme 4, Take 7, CLAP!\u201c &nbsp; W\u00e4hrend der Dreharbeiten haben Sie immer wieder dieses Ritual geh\u00f6rt, das des legend\u00e4ren \u201eAction!\u201c. &nbsp; Ja, aber&#8230; was bedeutet das genau? &nbsp; Der Film ist in kleine Teile gegliedert, die um einen Ort oder eine Figur herum aufgebaut sind, die eine Reihe von Szenen zusammenbringt. Diese [&hellip;]<\/p>\n","protected":false},"author":3,"featured_media":0,"parent":84,"menu_order":0,"comment_status":"closed","ping_status":"closed","template":"","meta":[],"_links":{"self":[{"href":"https:\/\/edahlion.trustwonder.com\/de\/wp-json\/wp\/v2\/pages\/134"}],"collection":[{"href":"https:\/\/edahlion.trustwonder.com\/de\/wp-json\/wp\/v2\/pages"}],"about":[{"href":"https:\/\/edahlion.trustwonder.com\/de\/wp-json\/wp\/v2\/types\/page"}],"author":[{"embeddable":true,"href":"https:\/\/edahlion.trustwonder.com\/de\/wp-json\/wp\/v2\/users\/3"}],"replies":[{"embeddable":true,"href":"https:\/\/edahlion.trustwonder.com\/de\/wp-json\/wp\/v2\/comments?post=134"}],"version-history":[{"count":50,"href":"https:\/\/edahlion.trustwonder.com\/de\/wp-json\/wp\/v2\/pages\/134\/revisions"}],"predecessor-version":[{"id":2899,"href":"https:\/\/edahlion.trustwonder.com\/de\/wp-json\/wp\/v2\/pages\/134\/revisions\/2899"}],"up":[{"embeddable":true,"href":"https:\/\/edahlion.trustwonder.com\/de\/wp-json\/wp\/v2\/pages\/84"}],"wp:attachment":[{"href":"https:\/\/edahlion.trustwonder.com\/de\/wp-json\/wp\/v2\/media?parent=134"}],"curies":[{"name":"wp","href":"https:\/\/api.w.org\/{rel}","templated":true}]}}