{"id":136,"date":"2018-02-21T20:21:24","date_gmt":"2018-02-21T20:21:24","guid":{"rendered":"https:\/\/edahlion.micheledighoffer.fr\/?page_id=136"},"modified":"2022-05-05T21:35:09","modified_gmt":"2022-05-05T19:35:09","slug":"post-production","status":"publish","type":"page","link":"https:\/\/edahlion.trustwonder.com\/de\/coulisses\/post-production\/","title":{"rendered":"Post-production"},"content":{"rendered":"<p>&nbsp;<\/p>\n<p>&nbsp;<\/p>\n<h1 class=\"edahlion-post-title\" style=\"text-align: center;\">Das Schneiden&#8230;<br \/>\nWas ist das?<\/h1>\n<blockquote>\n<p class=\"edahlion-intro\">Fokus auf die wichtigsten Etappen bei der Herausgabe von Edahlion:<\/p>\n<\/blockquote>\n<p>&nbsp;<\/p>\n<p>Die erste H\u00e4lfte von 2016 ist der Rekrutierung und technischen Organisation der Redakteure gewidmet: Wir m\u00fcssen sicherstellen, dass jeder die richtige Software-Lizenz und den richtigen PC hat, und alle Dailies (Tageszeitungen: rohes, unbearbeitetes Filmmaterial) kopieren, bevor wir mit der Arbeit beginnen.<\/p>\n<p>&nbsp;<\/p>\n<h1 class=\"edahlion-fantazy\" style=\"text-align: center;\">Es gibt 17 Kapitel,<br \/>\ndie auf 5 Personen aufgeteilt werden m\u00fcssen!<\/h1>\n<p>&nbsp;<\/p>\n<p>Dann st\u00fcrzen wir uns in die lange Aufgabe, die Dailies auszusortieren, was umso schwieriger ist, da die Aufnahmen nicht chronologisch sind. Sie m\u00fcssen auch den Ton und das Bild synchronisieren: W\u00e4hrend der Dreharbeiten wurde der Ton von einem separaten Rekorder aufgenommen, deshalb m\u00fcssen Sie darauf achten, dass er sehr genau dem Bild treu ist!<\/p>\n<p>&nbsp;<\/p>\n<p class=\"edahlion-sub-title\" style=\"text-align: left;\">Tage der Bearbeitung<\/p>\n<p>Die Monteure treffen sich an mehreren Tagen oder sogar am Wochenende, um die Szenen zu Schneiden.<\/p>\n<p>&nbsp;<\/p>\n<p><img loading=\"lazy\" id=\"gmedia-image-74\" class=\"gmedia-singlepic alignnone\" title=\"13 F\u00e9vrier 2016\" src=\"https:\/\/edahlion.micheledighoffer.fr\/wp-content\/grand-media\/image\/13_f_vrier_2016.jpg\" alt=\"13 F\u00e9vrier 2016\" width=\"960\" height=\"538\" \/><\/p>\n<p>&nbsp;<\/p>\n<p>Die Bearbeitung ist in der Regel eine einsame Arbeit, und diese gemeinsamen Momente bieten Ermutigung und neue Motivation. Das ist alles andere als offensichtlich, wenn Sie einen bereits vollen Terminkalender haben&#8230;<\/p>\n<p>&nbsp;<\/p>\n<h1 class=\"edahlion-fantazy\" style=\"text-align: center;\">Denn ja, bei Trustwonder<br \/>\nsind wir Freiwillige!<\/h1>\n<p>&nbsp;<\/p>\n<p>Und um der Herausforderung gerecht zu werden, treten Probleme bei Computer- und Software-Kompatibilit\u00e4t zwischen Dateien auf&#8230;<\/p>\n<p>&nbsp;<\/p>\n<p class=\"edahlion-sub-title\" style=\"text-align: left;\">Der globale Schnitt<\/p>\n<p>Michel stellt dann die Arbeit der einzelnen Monteure zusammen und optimiert sie, um ihr ein einheitliches Aussehen zu verleihen.<\/p>\n<p>Jetzt ist es an der Zeit, einen &#8220;kritischen Ausschuss&#8221; einzuberufen: Mitglieder des Projektmanagement-Teams und das eine oder andere Adlerauge. Ihre Aufgabe wird es sein, die bearbeiteten Bilder zu betrachten, ihre Relevanz zu bestimmen und \u00c4nderungen vorzuschlagen. Dies f\u00fchrt z.B. zu der Entscheidung, zus\u00e4tzliche Aufnahmen zu machen&#8230; die noch sortiert, dann synchronisiert und schlie\u00dflich in die Gesamtbearbeitung eingef\u00fcgt werden m\u00fcssen.<br \/>\nZu diesem Zeitpunkt wurden spezielle Videorenderings f\u00fcr Sounddesign, Komposition und Spezialeffekte erstellt.<br \/>\nApril 2018: Der globale Schnitt (Schnitt aller Szenen nacheinander) freut sich auf letzte Anpassungen!<\/p>\n<p>Gleichzeitig wird eine Kalibrierung vorgenommen: ein Schritt, der darin besteht, Filter auf den Film anzuwenden, um seine visuelle Wiedergabe zu verbessern, Stimmungen zu schaffen, Bilder \u00e4sthetischer zu gestalten und Helligkeit und Farben zu harmonisieren.<\/p>\n<p>&nbsp;<\/p>\n<p>&nbsp;<\/p>\n<p><img loading=\"lazy\" id=\"gmedia-image-71\" class=\"gmedia-singlepic alignnone\" title=\"Etalonage Edahlion\" src=\"https:\/\/edahlion.micheledighoffer.fr\/wp-content\/grand-media\/image\/Etalonage_Edahlion.png\" alt=\"Etalonage Edahlion\" width=\"1280\" height=\"325\" \/><\/p>\n<p>&nbsp;<\/p>\n<p>Erst dann k\u00fcmmern wir uns um die Endbearbeitung: Dabei werden die bearbeiteten Bilder mit Musik, Soundeffekten und Spezialeffekten in Verbindung gebracht. Schlie\u00dflich exportieren wir die Masters (d.h. die Kopien des Films) f\u00fcr den Vertrieb.<\/p>\n<p>&nbsp;<\/p>\n<h1 class=\"edahlion-fantazy\" style=\"text-align: center;\">Stellen Sie sich vor&#8230;<br \/>\nEine Minute Film<br \/>\nsind 5 Stunden Schnitt!<\/h1>\n<p>&nbsp;<\/p>\n<p>M\u00f6chten Sie mehr \u00fcber die Herausforderungen dieser Aufgabe erfahren? Entdecken Sie hier das Zeugnis von <a href=\"https:\/\/trustwonder.com\/2019\/05\/08\/fabien-monteur\/\" target=\"_blank\" rel=\"noopener\">Fabien<\/a> (fr), einem der Schnitt-Monteure!<\/p>\n","protected":false},"excerpt":{"rendered":"<p>&nbsp; &nbsp; Das Schneiden&#8230; Was ist das? Fokus auf die wichtigsten Etappen bei der Herausgabe von Edahlion: &nbsp; Die erste H\u00e4lfte von 2016 ist der Rekrutierung und technischen Organisation der Redakteure gewidmet: Wir m\u00fcssen sicherstellen, dass jeder die richtige Software-Lizenz und den richtigen PC hat, und alle Dailies (Tageszeitungen: rohes, unbearbeitetes Filmmaterial) kopieren, bevor wir [&hellip;]<\/p>\n","protected":false},"author":3,"featured_media":0,"parent":84,"menu_order":0,"comment_status":"closed","ping_status":"closed","template":"","meta":[],"_links":{"self":[{"href":"https:\/\/edahlion.trustwonder.com\/de\/wp-json\/wp\/v2\/pages\/136"}],"collection":[{"href":"https:\/\/edahlion.trustwonder.com\/de\/wp-json\/wp\/v2\/pages"}],"about":[{"href":"https:\/\/edahlion.trustwonder.com\/de\/wp-json\/wp\/v2\/types\/page"}],"author":[{"embeddable":true,"href":"https:\/\/edahlion.trustwonder.com\/de\/wp-json\/wp\/v2\/users\/3"}],"replies":[{"embeddable":true,"href":"https:\/\/edahlion.trustwonder.com\/de\/wp-json\/wp\/v2\/comments?post=136"}],"version-history":[{"count":14,"href":"https:\/\/edahlion.trustwonder.com\/de\/wp-json\/wp\/v2\/pages\/136\/revisions"}],"predecessor-version":[{"id":2592,"href":"https:\/\/edahlion.trustwonder.com\/de\/wp-json\/wp\/v2\/pages\/136\/revisions\/2592"}],"up":[{"embeddable":true,"href":"https:\/\/edahlion.trustwonder.com\/de\/wp-json\/wp\/v2\/pages\/84"}],"wp:attachment":[{"href":"https:\/\/edahlion.trustwonder.com\/de\/wp-json\/wp\/v2\/media?parent=136"}],"curies":[{"name":"wp","href":"https:\/\/api.w.org\/{rel}","templated":true}]}}