{"id":143,"date":"2018-02-21T21:02:39","date_gmt":"2018-02-21T21:02:39","guid":{"rendered":"https:\/\/edahlion.micheledighoffer.fr\/?page_id=143"},"modified":"2022-09-06T22:19:59","modified_gmt":"2022-09-06T20:19:59","slug":"histoire","status":"publish","type":"page","link":"https:\/\/edahlion.trustwonder.com\/de\/univers\/histoire\/","title":{"rendered":"Geschichte"},"content":{"rendered":"<p>&nbsp;<\/p>\n<p>&nbsp;<\/p>\n<p class=\"edahlion-fantazy\" style=\"text-align: center;\">SIE WERDEN IN DIESEM ABSCHNITT EINE ZUSAMMENSTELLUNG FINDEN. VERSCHIEDENE <strong>HISTORISCHE DOKUMENTE<\/strong>, DIE SICH MIT UNTERSCHIEDLICHEN THEMEN WIE POLITIK, GESELLSCHAFT, ODER DAS RELIGI\u00d6SE SYSTEM IN EDAHLION BEFASSEN.<\/p>\n<p>&nbsp;<\/p>\n<p>&nbsp;<\/p>\n<p>&nbsp;<\/p>\n<h1 class=\"edahlion-post-title\" style=\"text-align: center;\">Edahlions k\u00f6nigtum<\/h1>\n<blockquote><p>&nbsp;<\/p>\n<p style=\"line-height: 1.5rem;\">Siebzehnter Tag im Juli,<\/p>\n<p style=\"line-height: 1.5rem;\">Dreihundert &#8211; und zw\u00f6lfj\u00e4hriges Jahr der \u00c4ra der Herren<\/p>\n<p>&nbsp;<\/p>\n<p>&nbsp;<\/p><\/blockquote>\n<p class=\"\" style=\"line-height: 1.5rem;\">Von Anfang an, als ich recherchierte, war Edahlion eine Monarchie. Mehrere K\u00f6nige sind auf dem Thron nacheinander \u00fcbergegangen und haben einen relativen Frieden und die Treue zu ihrem Gott, dem Besch\u00fctzer, bewahrt.<\/p>\n<p>&nbsp;<\/p>\n<p>&nbsp;<\/p>\n<h1 class=\"edahlion-fantazy\" style=\"text-align: center;\">BIS ZU DIESER DUNKLEN ZEIT<br \/>\nWO DER MEISTER DER SCHATTEN,<br \/>\nARKAHLAN,<br \/>\nDAS K\u00d6NIGREICH<br \/>\nIN EIN CHAOS TAUCHTE.<\/h1>\n<p>&nbsp;<\/p>\n<p>&nbsp;<\/p>\n<p class=\"\" style=\"text-align: left; line-height: 1.5rem;\">Die Narben sind auch heute noch lebendig, 400 Jahre sp\u00e4ter&#8230;<\/p>\n<p style=\"text-align: center;\"><span style=\"color: #000000;\">.<\/span><\/p>\n<h3><\/h3>\n<h3 class=\"edahlion-fantazy\" style=\"line-height: 1.5rem;\"><strong>EINE OLIGARCHIE<\/strong><\/h3>\n<p>&nbsp;<\/p>\n<p class=\"\" style=\"line-height: 1.5rem;\">Derzeit wird das K\u00f6nigreich von einer Gruppe von Aristokraten regiert, den Herren von Edahlion. Die gleichnamige Hauptstadt wird von der K\u00f6nigsburg dominiert, in der sich auch ein Gro\u00dfteil des Adels befindet. Der Rest des Landes ist l\u00e4ndlich: Es gibt haup.ts\u00e4chlich Bauern, Handwerker, H\u00e4ndler und schlie\u00dflich Arbeiter, vor allem in den D\u00f6rfern, die von lokalen Ressourcen leben. Die meisten Einwohner besitzen ihr Land oder ihre Bauernh\u00f6fe und zahlen eine j\u00e4hrliche Steuer an die Regentenkaste.<\/p>\n<p style=\"text-align: center;\"><span style=\"color: #000000;\">.<\/span><\/p>\n<h3><\/h3>\n<h3 class=\"edahlion-fantazy\" style=\"line-height: 1.5rem;\"><strong>DIE ARMEE<\/strong><\/h3>\n<p>&nbsp;<\/p>\n<p class=\"\" style=\"line-height: 1.5rem;\">Eine gro\u00dfe Armee besch\u00fctzte das Land; von einem einfachen Soldaten kann man schnell eine kleine Truppe und als Kapit\u00e4n ein Bataillon als Kommandant f\u00fchren. An ihrer Spitze stehen die Ritter von Edahlion, oberste Milit\u00e4rf\u00fchrer.<\/p>\n<blockquote><p>&nbsp;<\/p><\/blockquote>\n<p><img loading=\"lazy\" id=\"gmedia-image-318\" class=\"gmedia-singlepic alignnone\" title=\"U hist - IMAGE Combattants \u00e0 l\\\\\\'entrainement - Copie\" src=\"https:\/\/edahlion.micheledighoffer.fr\/wp-content\/grand-media\/image\/U_hist_-_IMAGE_Combattants_l_entrainement_-_Copie_1.jpg\" alt=\"U hist - IMAGE Combattants \u00e0 l\\\\\\'entrainement - Copie\" width=\"2200\" height=\"1683\" \/><\/p>\n<p style=\"text-align: center;\"><span style=\"color: #000000;\">.<\/span><\/p>\n<h3><\/h3>\n<h3 class=\"edahlion-fantazy\" style=\"line-height: 1.5rem;\"><strong>DIE FEINDE<\/strong><\/h3>\n<p>&nbsp;<\/p>\n<p style=\"line-height: 1.5rem;\">Nekromanten sind die angestammten Feinde der Edahlianer : Gefallene Menschen im Dienste des B\u00f6sen, sie arbeiteten im Schatten, um immer mehr Macht zu erlangen.<\/p>\n<p style=\"line-height: 1.5rem;\">Die meisten von ihnen waren wertlos.<\/p>\n<p>&nbsp;<\/p>\n<p>&nbsp;<\/p>\n<h1 class=\"edahlion-fantazy\" style=\"text-align: center;\">ABER ALLE WAREN SKLAVEN<br \/>\nEINES ABSCHEULICHEN EIDES,<br \/>\nEIN SCHRECKEN DEN EIN HANDSCHUH<br \/>\nNICHT VERBERGEN KONNTE.<\/h1>\n<p>&nbsp;<\/p>\n<p>&nbsp;<\/p>\n<p class=\"\" style=\"line-height: 1.5rem;\">Unter ihnen waren Orakel vielversprechende Nekromanten: Eine starke Truppe erm\u00f6glichte es ihnen, mindestens eine Hauptmacht zu erwerben. Diese meist noch jungen Rekruten wurden von erfahrenen Mentoren ausgebildet, die in der Lage sein w\u00fcrden, sowohl ihre Praxis als auch ihren Geist zu gestalten. Die Gro\u00dfmeister ihrerseits bildeten einen Rat der zw\u00f6lf m\u00e4chtigsten Nekromanten; sie bezogen sich auf Arkahlan selbst, den Sch\u00f6pfer des Nekromantenordens.<\/p>\n<p>&nbsp;<\/p>\n<p style=\"line-height: 1.5rem;\">All diese Informationen habe ich aus den vielen Manuskripten, die ich gesammelt und bis ins hohe Alter studiert habe. Jetzt, an der Schwelle meines Lebens, f\u00fcrchte ich, dass b\u00f6se Zeiten Edahlion noch erwarten&#8230;<\/p>\n<p>&nbsp;<\/p>\n<p class=\"edahlion-signature\" style=\"text-align: right;\">Auszug aus der Zeitschrift von<br \/>\nTHEVIAD LEGOUPIL<\/p>\n<p class=\"edahlion-signature\" style=\"text-align: right;\">Historiker-M\u00f6nch von Delor&#8217;Uhn<\/p>\n<p>&nbsp;<\/p>\n<p>&nbsp;<\/p>\n<p>&nbsp;<\/p>\n<h1 class=\"edahlion-post-title\" style=\"text-align: center;\">zeremonie<br \/>\nder weihe<\/h1>\n<blockquote><p>&nbsp;<\/p>\n<p>&nbsp;<\/p>\n<p class=\"\" style=\"line-height: 1.5rem;\">\u00dcber das erste Jahrhundert der \u00c4ra der Herren<\/p>\n<p>&nbsp;<\/p>\n<p>&nbsp;<\/p><\/blockquote>\n<p class=\"\" style=\"line-height: 1.5rem;\">Indem er sein Leben dem Dienst am Alten Geist widmet, w\u00e4hlt der M\u00f6nch ein Leben abseits der Welt.<\/p>\n<p>&nbsp;<\/p>\n<p class=\"\" style=\"line-height: 1.5rem;\">\u00ab Hier bin ich \u00bb antwortet der Novize auf den Ruf seines Namens. Der Oberm\u00f6nch stellt ihm die Frage der Zeremonie :<\/p>\n<p class=\"\" style=\"line-height: 1.5rem;\">\u00ab Wer seid ihr, ihr, die ihr vor den Eides-Steinen steht? \u00bb<\/p>\n<p class=\"\" style=\"line-height: 1.5rem;\">Er kniet vor dem Altar und dreht seine Handfl\u00e4chen nach oben.<\/p>\n<p class=\"\" style=\"line-height: 1.5rem;\">\u00ab Ich bin nur das, was ich bin, vor dem Einen, der Alles ist, dem Besch\u00fctzer. \u00bb<\/p>\n<p class=\"\" style=\"line-height: 1.5rem;\">\u00ab Was fragst du vor den Eides-Steinen? \u00bb<\/p>\n<p class=\"\" style=\"line-height: 1.5rem;\">Er legt seine Stirn auf die erste Stufe des Altars.<\/p>\n<p class=\"\" style=\"line-height: 1.5rem;\">\u00ab Ich bitte um seinen Schutz. \u00bb<\/p>\n<p class=\"\" style=\"line-height: 1.5rem;\">Zwei M\u00f6nche ziehen ihm das braune Kleid aus und ziehen ihm das blaue Gewand an.<\/p>\n<p class=\"\" style=\"line-height: 1.5rem;\">\u00ab Sein Schutz ist dir gew\u00e4hrt.<\/p>\n<p class=\"\" style=\"line-height: 1.5rem;\">&#8211; Was hast du vor den Eides-Steinen zu bieten? \u00bb<\/p>\n<p>&nbsp;<\/p>\n<p>&nbsp;<\/p>\n<h1 class=\"edahlion-fantazy\" style=\"text-align: center;\">MEIN GEIST,<br \/>\nAUF DER SUCHE<br \/>\nNACH DER WAHRHEIT<\/h1>\n<p>&nbsp;<\/p>\n<p>&nbsp;<\/p>\n<p class=\"\" style=\"line-height: 1.5rem;\">Er legt ein feuchtes Tuch mit klarem Wasser auf sein Gesicht und legt es auf den Altar.<\/p>\n<p>&nbsp;<\/p>\n<p>&nbsp;<\/p>\n<h1 class=\"edahlion-fantazy\" style=\"text-align: center;\">MEINE SEELE,<br \/>\nLEIDENSCHAFTLICH<br \/>\nUND WOHLWOLLEND<\/h1>\n<p>&nbsp;<\/p>\n<p>&nbsp;<\/p>\n<p class=\"\" style=\"line-height: 1.5rem;\">Er schneidet sich eine Haarstr\u00e4hne ab und legt sie auf das Tuch.<\/p>\n<p>&nbsp;<\/p>\n<p>&nbsp;<\/p>\n<h1 class=\"edahlion-fantazy\" style=\"text-align: center;\">MEIN HERZ,<br \/>\nRECHTENS UND GUT<\/h1>\n<p>&nbsp;<\/p>\n<p>&nbsp;<\/p>\n<p class=\"\" style=\"line-height: 1.5rem;\">Er schneidet sich in den Finger und l\u00e4sst ein paar Tropfen auf die ersten beiden Opfer fallen.<\/p>\n<p class=\"\" style=\"line-height: 1.5rem;\">\u00ab Dein Opfer findet vor seinen Augen Gefallen. Versammlung, was sagst du zu den Eides-Steinen?<\/p>\n<p class=\"\" style=\"line-height: 1.5rem;\">&#8211; Wir erkl\u00e4ren, dass er einer von uns wird.<\/p>\n<p class=\"\" style=\"line-height: 1.5rem;\">Drei M\u00f6nche kommen vor ihn und wechseln sich ab, um ihn auf die Stirn zu k\u00fcssen.<\/p>\n<p class=\"\" style=\"line-height: 1.5rem;\">&#8211; Wir werden dich willkommen hei\u00dfen.<\/p>\n<p class=\"\" style=\"line-height: 1.5rem;\">&#8211; Wir schulen dich.<\/p>\n<p class=\"\" style=\"line-height: 1.5rem;\">&#8211; Wir werden dich f\u00fchren. \u00bb<\/p>\n<p class=\"\" style=\"line-height: 1.5rem;\">Ein Weihelied schlie\u00dft die Einf\u00fchrungszeremonie ab.<\/p>\n<p>&nbsp;<\/p>\n<p class=\"edahlion-signature\">Archiv des Klosters Thiendvidst,<br \/>\nunbekanneter Ort<\/p>\n<h1><\/h1>\n<h1><\/h1>\n<h1 class=\"edahlion-post-title\" style=\"text-align: center;\">CHRONOLOGIE<\/h1>\n<p>&nbsp;<\/p>\n<p><img loading=\"lazy\" id=\"frise\" class=\"\" src=\"\/wp-content\/themes\/edahlion\/images\/frise-de.svg\" width=\"847\" height=\"343\" data-wp-editing=\"1\" \/><\/p>\n","protected":false},"excerpt":{"rendered":"<p>&nbsp; &nbsp; SIE WERDEN IN DIESEM ABSCHNITT EINE ZUSAMMENSTELLUNG FINDEN. VERSCHIEDENE HISTORISCHE DOKUMENTE, DIE SICH MIT UNTERSCHIEDLICHEN THEMEN WIE POLITIK, GESELLSCHAFT, ODER DAS RELIGI\u00d6SE SYSTEM IN EDAHLION BEFASSEN. &nbsp; &nbsp; &nbsp; Edahlions k\u00f6nigtum &nbsp; Siebzehnter Tag im Juli, Dreihundert &#8211; und zw\u00f6lfj\u00e4hriges Jahr der \u00c4ra der Herren &nbsp; &nbsp; Von Anfang an, als ich recherchierte, [&hellip;]<\/p>\n","protected":false},"author":3,"featured_media":0,"parent":10,"menu_order":0,"comment_status":"closed","ping_status":"closed","template":"","meta":[],"_links":{"self":[{"href":"https:\/\/edahlion.trustwonder.com\/de\/wp-json\/wp\/v2\/pages\/143"}],"collection":[{"href":"https:\/\/edahlion.trustwonder.com\/de\/wp-json\/wp\/v2\/pages"}],"about":[{"href":"https:\/\/edahlion.trustwonder.com\/de\/wp-json\/wp\/v2\/types\/page"}],"author":[{"embeddable":true,"href":"https:\/\/edahlion.trustwonder.com\/de\/wp-json\/wp\/v2\/users\/3"}],"replies":[{"embeddable":true,"href":"https:\/\/edahlion.trustwonder.com\/de\/wp-json\/wp\/v2\/comments?post=143"}],"version-history":[{"count":62,"href":"https:\/\/edahlion.trustwonder.com\/de\/wp-json\/wp\/v2\/pages\/143\/revisions"}],"predecessor-version":[{"id":3617,"href":"https:\/\/edahlion.trustwonder.com\/de\/wp-json\/wp\/v2\/pages\/143\/revisions\/3617"}],"up":[{"embeddable":true,"href":"https:\/\/edahlion.trustwonder.com\/de\/wp-json\/wp\/v2\/pages\/10"}],"wp:attachment":[{"href":"https:\/\/edahlion.trustwonder.com\/de\/wp-json\/wp\/v2\/media?parent=143"}],"curies":[{"name":"wp","href":"https:\/\/api.w.org\/{rel}","templated":true}]}}