{"id":147,"date":"2018-02-21T21:04:09","date_gmt":"2018-02-21T21:04:09","guid":{"rendered":"https:\/\/edahlion.micheledighoffer.fr\/?page_id=147"},"modified":"2022-10-04T20:49:00","modified_gmt":"2022-10-04T18:49:00","slug":"folklore","status":"publish","type":"page","link":"https:\/\/edahlion.trustwonder.com\/de\/univers\/folklore\/","title":{"rendered":"Folklore"},"content":{"rendered":"<p>&nbsp;<\/p>\n<p>&nbsp;<\/p>\n<p class=\"edahlion-fantazy\" style=\"text-align: center;\">Dies ist der Teil, der den Volksk\u00fcnsten<br \/>\nund Traditionen gewidmet ist:<\/p>\n<p class=\"edahlion-fantazy\" style=\"text-align: center;\">Br\u00e4uche oder Legenden, die aus dem kollektiven Ged\u00e4chtnis \u00fcbernommen wurden,<br \/>\ndie durch die Jahrhunderte durch die Worte<br \/>\nder \u00c4ltesten \u00fcbertragen wurden.<\/p>\n<p>&nbsp;<\/p>\n<p>&nbsp;<\/p>\n<h1 class=\"edahlion-post-title\" style=\"text-align: center;\">Elegia<\/h1>\n<p class=\"edahlion-sub-title\">morgenr\u00f6te.<\/p>\n<blockquote>\n<p class=\"\" style=\"text-align: center; line-height: 1.5rem;\">Der Winter-Eisstrahl fiel auf ihr Augenlid,<\/p>\n<p class=\"\" style=\"text-align: center; line-height: 1.5rem;\">Und seine Windel war kalt an seiner Seite.<\/p>\n<p class=\"\" style=\"text-align: center; line-height: 1.5rem;\">Sie schlossen sie in den Stein und ihr Herz mit ihr.<\/p>\n<p class=\"\" style=\"text-align: center; line-height: 1.5rem;\">Die silberne Augenbinde brach und die Erde verschlang sie,<\/p>\n<p class=\"\" style=\"text-align: center; line-height: 1.5rem;\">Der Ehrenplatz wurde vergessen und das Volk verfluchte ihn.<\/p>\n<p class=\"\" style=\"text-align: center; line-height: 1.5rem;\">Und seine Augen und seine Seele verschwanden.<\/p>\n<p class=\"\" style=\"text-align: center; line-height: 1.5rem;\">In der verschlingenden Flamme des Schreckens der Menschen.<\/p>\n<p>&nbsp;<\/p><\/blockquote>\n<p class=\"edahlion-sub-title\">So wurde der Meister der Schatten geboren.<\/p>\n<p>&nbsp;<\/p>\n<p class=\"edahlion-signature edahlion-signature-top\">UNBEKANNTER AUTOR<\/p>\n<p class=\"edahlion-signature\">Einhundertvierzehntes Jahr<\/p>\n<p class=\"edahlion-signature\">der \u00c4ra der Herren<\/p>\n<p>&nbsp;<\/p>\n<h1><\/h1>\n<p>&nbsp;<\/p>\n<h1 class=\"edahlion-post-title\" style=\"text-align: center;\"><strong>Hymne<\/strong><\/h1>\n<p class=\"edahlion-sub-title\" style=\"text-align: center;\">Asteg\u2018em yergi ernir<br \/>\nheros berbagun hamana<br \/>\nberit nasuh\u2018em vordu<br \/>\nohapah, ovum\u00e9<\/p>\n<blockquote>\n<p class=\"\" style=\"text-align: center; line-height: 1.5rem;\">Gehet\u2019si khoti hilzu<br \/>\nsarrer yetmarga tinnen<br \/>\nBatsa yazor utyam<br \/>\niskezen, pasterni<\/p>\n<p class=\"\" style=\"text-align: center; line-height: 1.5rem;\">Lerru tuni lerny<br \/>\nYeva dahin aren<br \/>\nSchuni parnu kyeh&#8217;vo<br \/>\nhaveren, hut&#8217;yan<\/p>\n<p class=\"\" style=\"text-align: center; line-height: 1.5rem;\">Asa tyer ehnery<br \/>\nTover rigu terni<br \/>\nBatsa chakum tseget<br \/>\nkunitez, marutan<\/p>\n<p>&nbsp;<\/p><\/blockquote>\n<p class=\"edahlion-sub-title\" style=\"text-align: center;\">Asteg\u2018em yerko\u2019ghovin,<br \/>\nHinzha manaka selena<br \/>\nMen\u2019tog numy\u2019em dez\u00e9<br \/>\nd\u00e9z\u2019mena, d\u00e9z\u2019myan<\/p>\n<p class=\"edahlion-signature\" style=\"text-align: right;\">Alte Hymne,<br \/>\nEtwa das dritte Jahrhundert der \u00c4ra der K\u00f6nige.<\/p>\n<blockquote>\n<p class=\"\" style=\"line-height: 1.5rem;\">Ich transkribierte es, wie es mir vom Patriarchen eines bescheidenen Dorfes vorgetragen wurde. Er kannte die \u00dcbersetzung nicht. Aber er offenbarte mir, dass er sich jedes Mal, wenn er es summt, mit dem Besch\u00fctzergott verbunden f\u00fchlt.<\/p>\n<p class=\"\" style=\"line-height: 1.5rem;\">Was mich packte, war die Flamme hinter dem milchigen Schleier seiner blinden Augen. Ja, dieser Mann vibrierte mit etwas anderem&#8230;<\/p>\n<p>&nbsp;<\/p><\/blockquote>\n<p class=\"edahlion-signature\">Die Entwicklung der Sprache<\/p>\n<p class=\"edahlion-signature edahlion-signature-top\">THEVIAD LEGOUPIL<\/p>\n<p class=\"edahlion-signature\" style=\"text-align: right;\">Historiker-M\u00f6nch von Delor&#8217;Uhn<\/p>\n<p>&nbsp;<\/p>\n<h1><\/h1>\n<p>&nbsp;<\/p>\n<p>&nbsp;<\/p>\n<h1 class=\"edahlion-post-title\" style=\"text-align: center;\">Blond oder rothaarig<\/h1>\n<blockquote><p>&nbsp;<\/p><\/blockquote>\n<p class=\"edahlion-signature\" style=\"line-height: 1.5rem; text-align: center;\">Hier ist ein einpr\u00e4gsamer Blick, den wir vielleicht \u00fcberraschen werden<br \/>\nin der Kurve einer gut gef\u00fcllten Taverne&#8230;<\/p>\n<blockquote>\n<h3><\/h3>\n<\/blockquote>\n<div style=\"text-align: center;\">\n<blockquote>\n<p class=\"\" style=\"line-height: 1.5rem;\">N\u00f6rdliche Berge,<\/p>\n<p class=\"\" style=\"line-height: 1.5rem;\">Zur S\u00fcdsee,<\/p>\n<p class=\"\" style=\"line-height: 1.5rem;\">Meine Augen haben noch nie sch\u00f6neres Haar gesehen.<\/p>\n<p class=\"\" style=\"line-height: 1.5rem;\">Weicher als deins, so etwas gibt es nicht.<\/p>\n<p class=\"\" style=\"line-height: 1.5rem;\">Wer kann deinem perfekten Charme widerstehen?<\/p>\n<\/blockquote>\n<blockquote>\n<p class=\"\" style=\"line-height: 1.5rem;\">Bier, Bier, blond oder rothaarig,<\/p>\n<p class=\"\" style=\"line-height: 1.5rem;\">Was ist das Geheimnis deines sch\u00f6nen Schaums?<\/p>\n<p class=\"\" style=\"line-height: 1.5rem;\">Bier, Bier, blond oder rothaarig,<\/p>\n<p class=\"\" style=\"line-height: 1.5rem;\">Zeig mir, wo dein sch\u00f6ner Hopfen w\u00e4chst.<\/p>\n<\/blockquote>\n<blockquote>\n<p class=\"\" style=\"line-height: 1.5rem;\">Bier, Bier, es ist Zeit,<\/p>\n<p class=\"\" style=\"line-height: 1.5rem;\">Um Ihre frischen Aromen mit uns zu teilen!<\/p>\n<p class=\"\" style=\"line-height: 1.5rem;\">Bier, Bier, es ist Zeit,<\/p>\n<p class=\"\" style=\"line-height: 1.5rem;\">Nur ein kleiner Schluck oder ich sterbe.<\/p>\n<\/blockquote>\n<blockquote>\n<p class=\"\" style=\"line-height: 1.5rem;\">Die T\u00e4ler von Edahlion,<\/p>\n<p class=\"\" style=\"line-height: 1.5rem;\">In die gro\u00dfen S\u00fcmpfe des Ostens,<\/p>\n<p class=\"\" style=\"line-height: 1.5rem;\">Es gibt keine K\u00f6nigin au\u00dfer dir und nur dich.<\/p>\n<p class=\"\" style=\"line-height: 1.5rem;\">Niemand sonst kann dich je entthronen,<\/p>\n<p class=\"\" style=\"line-height: 1.5rem;\">Ihr werdet f\u00fcr immer meine Liebe und Z\u00e4rtlichkeit bleiben!<\/p>\n<p>&nbsp;<\/p><\/blockquote>\n<\/div>\n<p class=\"edahlion-signature\">Lied zum Trinken,<\/p>\n<p class=\"edahlion-signature edahlion-signature-top\">UNBEKANNTER AUTOR<\/p>\n<div style=\"text-align: center;\"><\/div>\n<div><\/div>\n<div><\/div>\n<h1><\/h1>\n<div>\n<div style=\"text-align: center;\"><\/div>\n<\/div>\n","protected":false},"excerpt":{"rendered":"<p>&nbsp; &nbsp; Dies ist der Teil, der den Volksk\u00fcnsten und Traditionen gewidmet ist: Br\u00e4uche oder Legenden, die aus dem kollektiven Ged\u00e4chtnis \u00fcbernommen wurden, die durch die Jahrhunderte durch die Worte der \u00c4ltesten \u00fcbertragen wurden. &nbsp; &nbsp; Elegia morgenr\u00f6te. Der Winter-Eisstrahl fiel auf ihr Augenlid, Und seine Windel war kalt an seiner Seite. Sie schlossen sie [&hellip;]<\/p>\n","protected":false},"author":3,"featured_media":0,"parent":10,"menu_order":0,"comment_status":"closed","ping_status":"closed","template":"","meta":[],"_links":{"self":[{"href":"https:\/\/edahlion.trustwonder.com\/de\/wp-json\/wp\/v2\/pages\/147"}],"collection":[{"href":"https:\/\/edahlion.trustwonder.com\/de\/wp-json\/wp\/v2\/pages"}],"about":[{"href":"https:\/\/edahlion.trustwonder.com\/de\/wp-json\/wp\/v2\/types\/page"}],"author":[{"embeddable":true,"href":"https:\/\/edahlion.trustwonder.com\/de\/wp-json\/wp\/v2\/users\/3"}],"replies":[{"embeddable":true,"href":"https:\/\/edahlion.trustwonder.com\/de\/wp-json\/wp\/v2\/comments?post=147"}],"version-history":[{"count":47,"href":"https:\/\/edahlion.trustwonder.com\/de\/wp-json\/wp\/v2\/pages\/147\/revisions"}],"predecessor-version":[{"id":3733,"href":"https:\/\/edahlion.trustwonder.com\/de\/wp-json\/wp\/v2\/pages\/147\/revisions\/3733"}],"up":[{"embeddable":true,"href":"https:\/\/edahlion.trustwonder.com\/de\/wp-json\/wp\/v2\/pages\/10"}],"wp:attachment":[{"href":"https:\/\/edahlion.trustwonder.com\/de\/wp-json\/wp\/v2\/media?parent=147"}],"curies":[{"name":"wp","href":"https:\/\/api.w.org\/{rel}","templated":true}]}}