{"id":151,"date":"2018-02-21T21:08:51","date_gmt":"2018-02-21T21:08:51","guid":{"rendered":"https:\/\/edahlion.micheledighoffer.fr\/?page_id=151"},"modified":"2022-10-02T20:09:59","modified_gmt":"2022-10-02T18:09:59","slug":"manuscrits-obscurs","status":"publish","type":"page","link":"https:\/\/edahlion.trustwonder.com\/de\/univers\/manuscrits-obscurs\/","title":{"rendered":"Dunkle Manuskripte"},"content":{"rendered":"<p>&nbsp;<\/p>\n<p>&nbsp;<\/p>\n<p class=\"edahlion-fantazy\" style=\"text-align: center;\">Hier sind alle Quellen \u00fcber <strong>Totenbeschw\u00f6rer<\/strong> gesammelt; sie beobachteten die gr\u00f6\u00dfte Geheimhaltung \u00fcber ihre Praktiken. Sie sind von unsch\u00e4tzbarem Wert und nicht in alle H\u00e4nde zu legen&#8230;<\/p>\n<p>&nbsp;<\/p>\n<p>&nbsp;<\/p>\n<p>&nbsp;<\/p>\n<h1 class=\"edahlion-post-title\" style=\"text-align: center;\"><strong>Die Gebote<br \/>\ndes Offenbares<br \/>\n<\/strong><\/h1>\n<blockquote><p>&nbsp;<\/p>\n<p class=\"\" style=\"text-align: center; line-height: 1.5rem;\">Ich werde Arkahl\u00e2n die Treue schw\u00f6ren<br \/>\nund ihn als meinen H\u00f6chsten Meister erkennen.<\/p>\n<\/blockquote>\n<blockquote>\n<p class=\"\" style=\"text-align: center; line-height: 1.5rem;\">Ich werde diesen Pakt besiegeln,<br \/>\nindem ich eines meiner Mitglieder f\u00fcr das Himr\u00f6st-Ritual opfere.<\/p>\n<\/blockquote>\n<blockquote>\n<p class=\"\" style=\"text-align: center; line-height: 1.5rem;\">Ich werde das Leiden ertragen<br \/>\nund es als das glorreiche Zeichen der Auserw\u00e4hlten tragen.<\/p>\n<\/blockquote>\n<blockquote>\n<p class=\"\" style=\"text-align: center; line-height: 1.5rem;\">Ich werde unerm\u00fcdlich daran arbeiten, meine F\u00e4higkeiten zu entwickeln<\/p>\n<p class=\"\" style=\"text-align: center; line-height: 1.5rem;\">um sie in den Dienst des Ordens der Offenbarer zu stellen.<\/p>\n<\/blockquote>\n<blockquote>\n<p class=\"\" style=\"text-align: center; line-height: 1.5rem;\">Ich werde dem Ruf der M\u00e4chte des Jenseits widerstehen<br \/>\nund die absolute Kontrolle dar\u00fcber behalten.<\/p>\n<\/blockquote>\n<blockquote>\n<p class=\"\" style=\"text-align: center; line-height: 1.5rem;\">Ich werde der Tr\u00e4ger der Offenbarung werden und verbreitete es in den Nationen.<\/p>\n<\/blockquote>\n<blockquote>\n<p class=\"\" style=\"text-align: center; line-height: 1.5rem;\">Ich werde nach den Geboten des Ordens leben und werde meinen<\/p>\n<p class=\"\" style=\"text-align: center; line-height: 1.5rem;\">Vorgesetzten in jeder Hinsicht gehorchen.<\/p>\n<\/blockquote>\n<blockquote>\n<p class=\"\" style=\"text-align: center; line-height: 1.5rem;\">Ich werde alle Verbindungen zu meiner nat\u00fcrlichen Familie abbrechen,<\/p>\n<p class=\"\" style=\"text-align: center; line-height: 1.5rem;\">um in der Gemeinschaft des Ordens meine neuen Br\u00fcder zu finden.<\/p>\n<\/blockquote>\n<blockquote>\n<p class=\"\" style=\"text-align: center; line-height: 1.5rem;\">Ich werde die strenge Geheimhaltung<br \/>\n\u00fcber die Praktiken des Ordens wahren f\u00fcr jeden,<br \/>\nder nicht daran teilhaben w\u00fcrde.<\/p>\n<\/blockquote>\n<blockquote>\n<p class=\"\" style=\"text-align: center; line-height: 1.5rem;\">Ich werde die Sache gegen jeden Feind verteidigen, der ihr schaden k\u00f6nnte,<\/p>\n<p class=\"\" style=\"text-align: center; line-height: 1.5rem;\">unter dem Risiko meines Lebens.<\/p>\n<\/blockquote>\n<p class=\"\" style=\"line-height: 1.5rem;\">\n<p>&nbsp;<\/p>\n<p class=\"edahlion-signature\">Achtundzwanzigstes Jahr der Arkahlan-\u00c4ra,<\/p>\n<p class=\"edahlion-signature\">Verdecktes Manuskript, Band 7<\/p>\n<p>&nbsp;<\/p>\n<p>&nbsp;<\/p>\n<p>&nbsp;<\/p>\n<p>&nbsp;<\/p>\n<p><img loading=\"lazy\" id=\"gmedia-image-319\" class=\"gmedia-singlepic alignnone\" title=\"U mo - IMAGE 3 n\u00e9cros - Copie\" src=\"https:\/\/edahlion.micheledighoffer.fr\/wp-content\/grand-media\/image\/U_mo_-_IMAGE_3_n_cros_-_Copie.jpg\" alt=\"U mo - IMAGE 3 n\u00e9cros - Copie\" width=\"2200\" height=\"1608\" \/><\/p>\n<h1><\/h1>\n<p>&nbsp;<\/p>\n<h1 class=\"edahlion-post-title\" style=\"text-align: center;\">HEFT NEBRIS AOLDRIM<\/h1>\n<div id=\"frise\"><iframe src=\"https:\/\/cdn.flipsnack.com\/widget\/v2\/widget.html?hash=1pl7ff9zhm\"width=\"100%\" height=\"600px\" seamless=\"seamless\" scrolling=\"no\" frameBorder=\"0\" allowFullScreen allow=\"autoplay; clipboard-read; clipboard-write\"><\/iframe><\/div>\n","protected":false},"excerpt":{"rendered":"<p>&nbsp; &nbsp; Hier sind alle Quellen \u00fcber Totenbeschw\u00f6rer gesammelt; sie beobachteten die gr\u00f6\u00dfte Geheimhaltung \u00fcber ihre Praktiken. Sie sind von unsch\u00e4tzbarem Wert und nicht in alle H\u00e4nde zu legen&#8230; &nbsp; &nbsp; &nbsp; Die Gebote des Offenbares &nbsp; Ich werde Arkahl\u00e2n die Treue schw\u00f6ren und ihn als meinen H\u00f6chsten Meister erkennen. Ich werde diesen Pakt besiegeln, [&hellip;]<\/p>\n","protected":false},"author":3,"featured_media":0,"parent":10,"menu_order":0,"comment_status":"closed","ping_status":"closed","template":"","meta":[],"_links":{"self":[{"href":"https:\/\/edahlion.trustwonder.com\/de\/wp-json\/wp\/v2\/pages\/151"}],"collection":[{"href":"https:\/\/edahlion.trustwonder.com\/de\/wp-json\/wp\/v2\/pages"}],"about":[{"href":"https:\/\/edahlion.trustwonder.com\/de\/wp-json\/wp\/v2\/types\/page"}],"author":[{"embeddable":true,"href":"https:\/\/edahlion.trustwonder.com\/de\/wp-json\/wp\/v2\/users\/3"}],"replies":[{"embeddable":true,"href":"https:\/\/edahlion.trustwonder.com\/de\/wp-json\/wp\/v2\/comments?post=151"}],"version-history":[{"count":105,"href":"https:\/\/edahlion.trustwonder.com\/de\/wp-json\/wp\/v2\/pages\/151\/revisions"}],"predecessor-version":[{"id":3721,"href":"https:\/\/edahlion.trustwonder.com\/de\/wp-json\/wp\/v2\/pages\/151\/revisions\/3721"}],"up":[{"embeddable":true,"href":"https:\/\/edahlion.trustwonder.com\/de\/wp-json\/wp\/v2\/pages\/10"}],"wp:attachment":[{"href":"https:\/\/edahlion.trustwonder.com\/de\/wp-json\/wp\/v2\/media?parent=151"}],"curies":[{"name":"wp","href":"https:\/\/api.w.org\/{rel}","templated":true}]}}