{"id":2537,"date":"2022-05-04T21:48:52","date_gmt":"2022-05-04T19:48:52","guid":{"rendered":"https:\/\/edahlion.trustwonder.com\/?page_id=2537"},"modified":"2022-09-25T20:54:59","modified_gmt":"2022-09-25T18:54:59","slug":"qui-sommes-nous","status":"publish","type":"page","link":"https:\/\/edahlion.trustwonder.com\/de\/qui-sommes-nous\/","title":{"rendered":"Wer sind wir?"},"content":{"rendered":"<h1 class=\"edahlion-post-title\" style=\"text-align: center;\"><span style=\"font-size: 36pt;\">Wer sind wir?<\/span><\/h1>\n<blockquote>\n<p class=\"small-fantazy\"><em><span style=\"font-size: 14pt;\">Hinter &#8220;Edahlion, das Waisenk\u00f6nigreich&#8221; steht ein junges Team, das sich f\u00fcr Filme und mittelalterliche Fantasy-Welten begeistert: Trustwonder. Wir sind seit 2011 aktiv und engagieren uns ehrenamtlich f\u00fcr die Entstehung dieses Spielfilms.<\/span><\/em><\/p>\n<\/blockquote>\n<p>&nbsp;<\/p>\n<p>&nbsp;<\/p>\n<p><span style=\"font-size: 12pt;\">Edahlion ist ein gro\u00dfes Projekt, das langfristig Talente zusammenbringt. Es f\u00f6rdert das Zusammentreffen aller Altersgruppen und Hintergr\u00fcnde, aber auch die Entdeckung der eigenen Begabungen durch &#8220;Training on the spot&#8221;. Andere Gruppen oder Einzelpersonen mit \u00e4hnlichen Interessen schlie\u00dfen sich unseren Reihen an: mittelalterliche Musiker, Reiter, Schauspieler, Behourd- oder Bogensch\u00fctzen etc.<br aria-hidden=\"true\" \/>Auch wenn das Spitzenteam nur ein Dutzend Personen umfasst, werden mehr als 500 Personen an dem Abenteuer beteiligt gewesen sein, sowohl w\u00e4hrend der Dreharbeiten als auch au\u00dferhalb.<\/span><\/p>\n<p>&nbsp;<\/p>\n<p><span style=\"font-size: 12pt;\">Der Film ist auch ein lokales Kulturprojekt, das von einer Mehrheit der Els\u00e4sser getragen wird. Die Region, die \u00fcber ein au\u00dfergew\u00f6hnliches Bau- und Naturerbe verf\u00fcgt, bietet Edahlion den idealen Rahmen, um sein episches Schicksal zu erz\u00e4hlen.<\/span><\/p>\n<p>&nbsp;<\/p>\n<p><span style=\"font-size: 12pt;\">Durch die Geschichte von Vustan, einem Anleiter, der von seinen D\u00e4monen und dem schrecklichen Schicksal seines K\u00f6nigreichs verfolgt wird, wollen wir die tieferen Realit\u00e4ten des Menschlichen aufzeigen. Unser Ziel ist es, zum Nachdenken anzuregen und uns \u00fcber unsere eigenen Werte auszutauschen, die von unserem Glauben an Gott geleitet werden.<\/span><\/p>\n<p>&nbsp;<\/p>\n<p><span style=\"font-size: 12pt;\">Eines unserer Ziele ist es auch, qualitativ hochwertige Filme zu produzieren. Wir haben in professionelle Ausr\u00fcstung investiert, wie z. B. die BlackMagic Cinema Camera, einen Kreiselstabilisator und eine Drohne.<\/span><\/p>\n<blockquote>\n<p class=\"small-fantazy\" style=\"text-align: center;\"><span style=\"font-size: 14pt;\"><em>&#8220;Durch zahlreiche Wendungen hoffen wir,<br \/>\nSie in die Welt von Edahlion zu entf\u00fchren<br \/>\nund Ihnen einen sehr guten Kinomoment zu bescheren!&#8221;<br aria-hidden=\"true\" \/>Sebastian Gunther, Schauspieler.<\/em><\/span><\/p>\n<p class=\"small-fantazy\" style=\"text-align: center;\">\n<\/blockquote>\n<p>&nbsp;<\/p>\n<p style=\"text-align: left;\"><span style=\"font-size: small;\"><span style=\"font-size: 12pt;\">Wenn Sie mehr \u00fcber die Gruppe, unsere Arbeitsweise und unsere Partner erfahren m\u00f6chten, klicken Sie bitte hier:<\/span> <a href=\"https:\/\/trustwonder.com\/\"><span style=\"font-size: 12pt;\">trustwonder.com<\/span><\/a><\/span><\/p>\n","protected":false},"excerpt":{"rendered":"<p>Wer sind wir? Hinter &#8220;Edahlion, das Waisenk\u00f6nigreich&#8221; steht ein junges Team, das sich f\u00fcr Filme und mittelalterliche Fantasy-Welten begeistert: Trustwonder. Wir sind seit 2011 aktiv und engagieren uns ehrenamtlich f\u00fcr die Entstehung dieses Spielfilms. &nbsp; &nbsp; Edahlion ist ein gro\u00dfes Projekt, das langfristig Talente zusammenbringt. Es f\u00f6rdert das Zusammentreffen aller Altersgruppen und Hintergr\u00fcnde, aber auch [&hellip;]<\/p>\n","protected":false},"author":1,"featured_media":0,"parent":0,"menu_order":0,"comment_status":"closed","ping_status":"closed","template":"","meta":[],"_links":{"self":[{"href":"https:\/\/edahlion.trustwonder.com\/de\/wp-json\/wp\/v2\/pages\/2537"}],"collection":[{"href":"https:\/\/edahlion.trustwonder.com\/de\/wp-json\/wp\/v2\/pages"}],"about":[{"href":"https:\/\/edahlion.trustwonder.com\/de\/wp-json\/wp\/v2\/types\/page"}],"author":[{"embeddable":true,"href":"https:\/\/edahlion.trustwonder.com\/de\/wp-json\/wp\/v2\/users\/1"}],"replies":[{"embeddable":true,"href":"https:\/\/edahlion.trustwonder.com\/de\/wp-json\/wp\/v2\/comments?post=2537"}],"version-history":[{"count":22,"href":"https:\/\/edahlion.trustwonder.com\/de\/wp-json\/wp\/v2\/pages\/2537\/revisions"}],"predecessor-version":[{"id":3655,"href":"https:\/\/edahlion.trustwonder.com\/de\/wp-json\/wp\/v2\/pages\/2537\/revisions\/3655"}],"wp:attachment":[{"href":"https:\/\/edahlion.trustwonder.com\/de\/wp-json\/wp\/v2\/media?parent=2537"}],"curies":[{"name":"wp","href":"https:\/\/api.w.org\/{rel}","templated":true}]}}