{"id":2447,"date":"2021-08-30T22:43:32","date_gmt":"2021-08-30T20:43:32","guid":{"rendered":"https:\/\/edahlion.trustwonder.com\/?page_id=2447"},"modified":"2022-10-05T18:43:11","modified_gmt":"2022-10-05T16:43:11","slug":"mentions-legales","status":"publish","type":"page","link":"https:\/\/edahlion.trustwonder.com\/en\/mentions-legales\/","title":{"rendered":"Legal Notices"},"content":{"rendered":"<h1><\/h1>\n<h1 class=\"edahlion-post-title\" style=\"text-align: center;\">legal information<\/h1>\n<h2><\/h2>\n<h2>Identification of the publisher<\/h2>\n<p>This site is published by the association La Colombe, whose headquarters are located at 6-8 rue du Maire Teutsch 67160 Wissembourg.<\/p>\n<p>Declared to the CNIL.<\/p>\n<p>&nbsp;<\/p>\n<h2>Hosted by<\/h2>\n<p>OVH<\/p>\n<p>RCS Lille M\u00e9tropole 424 761 419 00045<\/p>\n<p>Head office: 2 rue Kellermann &#8211; 59100 Roubaix &#8211; France<\/p>\n<p>&nbsp;<\/p>\n<h2>Identification of the managers and host of the Edahlion site<\/h2>\n<p><span style=\"text-decoration: underline;\">Editorial manager:<\/span> Florence Brobeck<\/p>\n<p><span style=\"text-decoration: underline;\">Other editors:<\/span> Michel C. Jacky, Thierry Ehrismann<\/p>\n<p><span style=\"text-decoration: underline;\">Translators:<\/span> Jenni Bossert (german), Isabelle Chateigner (english)<\/p>\n<p><span style=\"text-decoration: underline;\">Developer and webmaster:<\/span> Michel Edighoffer<\/p>\n<p><span style=\"text-decoration: underline;\">Photo credits:<\/span> Guillaume Hirschler, Jonathan Hirschler, Emeline Montgomery, C\u00e9dric Geyer, Francis Hirn, Pauline Jacky, Erzy Huiti\u00e8me, Denis Kaufholtz, Roland Brobeck, L\u00e9andro L\u00e9o, J\u00e9r\u00e9my Alison, Jonathan Ott<\/p>\n<p>&nbsp;<\/p>\n<h2>Messaging<\/h2>\n<p>Messages sent over the Internet can be intercepted. Do not disclose unnecessary or sensitive personal information. If you wish to send us such information, you must use the postal service.<\/p>\n<p><strong>Law n\u00b078-17 of 6 January 1978 relating to information technology and civil liberties<\/strong><\/p>\n<p>In accordance with the French Data Protection Act of 6 January 1978, as amended by Act No. 2004-81 of 6 August 2004, we inform you that the data collected via a form on our site may not, under any circumstances, be transmitted, whether free of charge or in return for payment, to third parties, whether natural or legal.<\/p>\n<p>The data entered in the various contact forms only allows us to establish a relationship by sending an e-mail exclusively to the recipient concerned (the association&#8217;s head office), no information is saved in our databases.<\/p>\n<p>You may at any time access the personal information concerning you and held by Edahlion, request its modification or deletion via the <a href=\"https:\/\/trustwonder.com\/\">contact form<\/a>, or by mail to the address<\/p>\n<p><em><strong>Association La Colombe<\/strong><\/em><br \/>\n<em>6-8 rue du Maire Teutsch<\/em><br \/>\n<em>67160 Wissembourg<\/em><\/p>\n<p>No personal information is collected without the user&#8217;s knowledge.<\/p>\n<p>No personal information is passed on to third parties.<\/p>\n<p>No personal information is used for purposes not provided for by law.<\/p>\n<p>&nbsp;<\/p>\n<p><strong>L.122-4 of the Intellectual Property Code<\/strong><\/p>\n<p>Any representation or reproduction in whole or in part without the consent of the author or his successors or assigns is unlawful. The same applies to translation, adaptation or transformation, arrangement or reproduction by any art or process.<\/p>\n<p>Consequently, any reproduction and\/or representation and\/or redistribution of the content of this site (graphics, logos, photos, etc.) are the property of the publishers of this site, in whole or in part, on any medium, electronic or otherwise, present or future, is prohibited without express prior authorisation.<\/p>\n<p>Similarly, the information databases are protected under the law applicable to data compilations.<\/p>\n<p>Failure to comply with these prohibitions is likely to constitute an act of counterfeiting for which any offender may be held civilly and criminally liable.<\/p>\n<p>The establishment of a hypertext link to the address <a href=\"https:\/\/edahlion.trustwonder.com\">https:\/\/edahlion.trustwonder.com<\/a> is authorised except for any website containing information of a pornographic, xenophobic, political or religious nature, or which may offend the sensibilities of the user.<\/p>\n<p>&nbsp;<\/p>\n","protected":false},"excerpt":{"rendered":"<p>legal information Identification of the publisher This site is published by the association La Colombe, whose headquarters are located at 6-8 rue du Maire Teutsch 67160 Wissembourg. Declared to the CNIL. &nbsp; Hosted by OVH RCS Lille M\u00e9tropole 424 761 419 00045 Head office: 2 rue Kellermann &#8211; 59100 Roubaix &#8211; France &nbsp; Identification of [&hellip;]<\/p>\n","protected":false},"author":1,"featured_media":0,"parent":0,"menu_order":0,"comment_status":"closed","ping_status":"closed","template":"","meta":[],"_links":{"self":[{"href":"https:\/\/edahlion.trustwonder.com\/en\/wp-json\/wp\/v2\/pages\/2447"}],"collection":[{"href":"https:\/\/edahlion.trustwonder.com\/en\/wp-json\/wp\/v2\/pages"}],"about":[{"href":"https:\/\/edahlion.trustwonder.com\/en\/wp-json\/wp\/v2\/types\/page"}],"author":[{"embeddable":true,"href":"https:\/\/edahlion.trustwonder.com\/en\/wp-json\/wp\/v2\/users\/1"}],"replies":[{"embeddable":true,"href":"https:\/\/edahlion.trustwonder.com\/en\/wp-json\/wp\/v2\/comments?post=2447"}],"version-history":[{"count":34,"href":"https:\/\/edahlion.trustwonder.com\/en\/wp-json\/wp\/v2\/pages\/2447\/revisions"}],"predecessor-version":[{"id":3738,"href":"https:\/\/edahlion.trustwonder.com\/en\/wp-json\/wp\/v2\/pages\/2447\/revisions\/3738"}],"wp:attachment":[{"href":"https:\/\/edahlion.trustwonder.com\/en\/wp-json\/wp\/v2\/media?parent=2447"}],"curies":[{"name":"wp","href":"https:\/\/api.w.org\/{rel}","templated":true}]}}